{"id":758,"date":"2024-09-29T12:36:10","date_gmt":"2024-09-29T10:36:10","guid":{"rendered":"https:\/\/www.michaelvessereau.com\/?page_id=758"},"modified":"2024-10-03T13:05:15","modified_gmt":"2024-10-03T11:05:15","slug":"journal-dun-gars-qui-essaie","status":"publish","type":"page","link":"https:\/\/www.michaelvessereau.com\/?page_id=758","title":{"rendered":"Journal d&rsquo;un gars qui essaie"},"content":{"rendered":"\n<p style=\"font-size:15px\"><strong><mark style=\"background-color:rgba(0, 0, 0, 0)\" class=\"has-inline-color has-vivid-red-color\">\u201cJournal d\u2019un gars qui essaie\u201d<\/mark> <\/strong>est une r\u00e9flexion magique et th\u00e9\u00e2trale sur les masculinit\u00e9s et les relations intersexes.<\/p>\n\n\n\n<p style=\"font-size:15px\">\u00c0 l\u2019origine, ce spectacle est une commande d\u2019\u00e9criture de la part du tiers-lieu<em> Le Repaire des Orties <\/em>et de la librairie<em> Za\u00ef Za\u00ef <\/em>\u00e0 Lambesc (13), ceci \u00e0 l\u2019occasion de la Journ\u00e9e Mondiale consacr\u00e9e aux droits des femmes, le 8 mars 2024.<\/p>\n\n\n\n<h2 class=\"wp-block-heading\">\u00ab&nbsp;Journal d\u2019un gars qui essaie&nbsp;\u00bb, c\u2019est quoi?<\/h2>\n\n\n\n<p style=\"font-size:15px\">Je suis un homme blanc, h\u00e9t\u00e9ro, cisgenre et je jouis certainement, de par cette condition, de droits et de privil\u00e8ges depuis toujours et ceci sans m\u00eame m\u2019en rendre compte.<\/p>\n\n\n\n<p style=\"font-size:15px\">Je me suis alors demand\u00e9 : \u00ab&nbsp;comment traiter du sujet des disparit\u00e9s entre hommes et femmes tout en \u00e9tant conscient de ma condition ? Je me suis dit alors que le meilleur moyen serait certainement de fermer ma gueule\u2026\u00bb<\/p>\n\n\n\n<p style=\"font-size:15px\">Gr\u00e2ce \u00e0 la magie des cartes et au mentalisme, <mark style=\"background-color:rgba(0, 0, 0, 0)\" class=\"has-inline-color has-vivid-red-color\"><strong>\u201cJournal d\u2019un gars qui essaie\u201d<\/strong><\/mark> propose un d\u00e9but de prise de conscience. Une prise de parole pour parler de moi et de ma tentative d\u2019\u00eatre un \u201cmec bien\u201d.<\/p>\n\n\n\n<div class=\"wp-block-media-text is-stacked-on-mobile\" style=\"grid-template-columns:46% auto\"><figure class=\"wp-block-media-text__media\"><a href=\"https:\/\/www.michaelvessereau.com\/wp-content\/uploads\/2024\/09\/flyer-A5-journal-d1gars.pdf\" target=\"_blank\" rel=\"noreferrer noopener\"><img loading=\"lazy\" decoding=\"async\" width=\"1810\" height=\"2560\" src=\"https:\/\/www.michaelvessereau.com\/wp-content\/uploads\/2024\/09\/affiche-JOURNAL-D-UN-gars-scaled-1.jpg\" alt=\"journal d'un gars qui essaie\" class=\"wp-image-763 size-full\"\/><\/a><\/figure><div class=\"wp-block-media-text__content\">\n<p style=\"font-size:15px\">A l\u2019heure des manich\u00e9ismes rassurants, je propose ici la possibilit\u00e9<br>d\u2019un entre-deux, d\u2019un \u201cje ne sais pas\u201d comme pr\u00e9misse d\u2019une recherche<br>personnelle sur l\u2019\u00e9volution de mon identit\u00e9 et de mon rapport au monde et aux autres.<\/p>\n\n\n\n<p>Cette ma\u00efeutique sans fin me rend vivant et me permet d\u2019accoucher sans cesse d\u2019un nouveau moi. Un \u00eatre nouveau de chaque seconde, un \u00eatre en mouvement, un \u00eatre qui change\u2026<\/p>\n<\/div><\/div>\n\n\n\n<p style=\"font-size:15px\">Issu du <a href=\"https:\/\/cnac.fr\/\" target=\"_blank\" rel=\"noreferrer noopener\">Centre National des Arts du Cirque<\/a> en 2001, Micha\u00ebl Vessereau partage son temps entre la mise en sc\u00e8ne de spectacles, l\u2019enseignement des Arts du Cirque et la magie. Ces activit\u00e9s ont en commun le go\u00fbt pour la nouveaut\u00e9 et le plaisir du d\u00e9s\u00e9quilibre et de l\u2019inattendu.<\/p>\n\n\n\n<p class=\"has-text-align-center\" style=\"font-size:15px\"><strong>Spectacle th\u00e9\u00e2tral de magie rapproch\u00e9e et mentalisme pour bars, terrasses, jardins, librairies, lieux atypiques et Th\u00e9\u00e2tre en appartement.<\/strong><\/p>\n\n\n\n<p style=\"font-size:15px\"><strong><mark style=\"background-color:rgba(0, 0, 0, 0)\" class=\"has-inline-color has-vivid-red-color\">\u00c9criture, mise en sc\u00e8ne et interpr\u00e9tation\u00a0:<\/mark><\/strong> <a href=\"https:\/\/cielesondesmots.com\/?page_id=111\" target=\"_blank\" rel=\"noreferrer noopener\">Micha\u00ebl Vessereau<\/a><\/p>\n\n\n\n<h4 class=\"wp-block-heading\"><strong><mark style=\"background-color:rgba(0, 0, 0, 0)\" class=\"has-inline-color has-vivid-red-color\">TOUS PUBLICS<\/mark><\/strong><\/h4>\n\n\n\n<p style=\"font-size:15px\">Pour adultes et enfants \u00e0 partir de 10 ans<\/p>\n\n\n\n<h4 class=\"wp-block-heading\"><strong><mark style=\"background-color:rgba(0, 0, 0, 0)\" class=\"has-inline-color has-vivid-red-color\">DUR\u00c9E<\/mark><\/strong><\/h4>\n\n\n\n<p style=\"font-size:15px\">55 min<\/p>\n\n\n\n<h4 class=\"wp-block-heading\"><strong><mark style=\"background-color:rgba(0, 0, 0, 0)\" class=\"has-inline-color has-vivid-red-color\">FICHE TECHNIQUE<\/mark><\/strong><\/h4>\n\n\n\n<p style=\"font-size:15px\">\u2013 Une prise \u00e9lectrique<br>\u2013 Une table, des chaises pour le public et\u2026 c\u2019est tout<\/p>\n\n\n\n<h4 class=\"wp-block-heading\"><strong><mark style=\"background-color:rgba(0, 0, 0, 0)\" class=\"has-inline-color has-vivid-red-color\">PRODUCTION &amp; DIFFUSION<\/mark><\/strong><\/h4>\n\n\n\n<p style=\"font-size:15px\">Cie Le Son des Mots<br><a href=\"https:\/\/cielesondesmots.com\/?page_id=124\" target=\"_blank\" rel=\"noreferrer noopener\">Dossier de pr\u00e9sentation du spectacle sur simple demande<\/a><\/p>\n\n\n\n<h4 class=\"wp-block-heading\"><strong><mark style=\"background-color:rgba(0, 0, 0, 0)\" class=\"has-inline-color has-vivid-red-color\">SOUTIENS &amp; PARTENAIRES<\/mark><\/strong><\/h4>\n\n\n\n<p style=\"font-size:15px\">Le spectacle \u00ab&nbsp;Journal d\u2019un gars qui essaie&nbsp;\u00bb \u00e0 \u00e9t\u00e9 cr\u00e9\u00e9 gr\u00e2ce au soutien de la librairie <em>Za\u00ee Za\u00ee <\/em>et du tiers-lieu <em>Le Repaire des Orties<\/em>.<\/p>\n\n\n\n<figure class=\"wp-block-gallery has-nested-images columns-default is-cropped wp-block-gallery-1 is-layout-flex wp-block-gallery-is-layout-flex\">\n<figure class=\"wp-block-image size-large\"><img loading=\"lazy\" decoding=\"async\" width=\"1504\" height=\"467\" data-id=\"780\" src=\"https:\/\/www.michaelvessereau.com\/wp-content\/uploads\/2024\/09\/1.jpg\" alt=\"\" class=\"wp-image-780\"\/><\/figure>\n\n\n\n<figure class=\"wp-block-image size-large\"><img loading=\"lazy\" decoding=\"async\" width=\"516\" height=\"800\" data-id=\"781\" src=\"https:\/\/www.michaelvessereau.com\/wp-content\/uploads\/2024\/09\/3.jpg\" alt=\"\" class=\"wp-image-781\"\/><\/figure>\n\n\n\n<figure class=\"wp-block-image size-large\"><img loading=\"lazy\" decoding=\"async\" width=\"880\" height=\"900\" data-id=\"783\" src=\"https:\/\/www.michaelvessereau.com\/wp-content\/uploads\/2024\/09\/4.jpg\" alt=\"\" class=\"wp-image-783\"\/><\/figure>\n\n\n\n<figure class=\"wp-block-image size-large\"><img loading=\"lazy\" decoding=\"async\" width=\"1496\" height=\"672\" data-id=\"782\" src=\"https:\/\/www.michaelvessereau.com\/wp-content\/uploads\/2024\/09\/5.jpg\" alt=\"\" class=\"wp-image-782\"\/><\/figure>\n<\/figure>\n","protected":false},"excerpt":{"rendered":"<p>\u201cJournal d\u2019un gars qui essaie\u201d est une r\u00e9flexion magique et th\u00e9\u00e2trale sur les masculinit\u00e9s et les relations intersexes. \u00c0 l\u2019origine, ce spectacle est une commande d\u2019\u00e9criture de la part du tiers-lieu Le Repaire des Orties et de la librairie Za\u00ef Za\u00ef \u00e0 Lambesc (13), ceci \u00e0 l\u2019occasion de la Journ\u00e9e Mondiale consacr\u00e9e aux droits des &hellip; <\/p>\n<p class=\"link-more\"><a href=\"https:\/\/www.michaelvessereau.com\/?page_id=758\" class=\"more-link\">Continuer la lecture<span class=\"screen-reader-text\"> de &laquo;&nbsp;Journal d&rsquo;un gars qui essaie&nbsp;&raquo;<\/span><\/a><\/p>\n","protected":false},"author":1,"featured_media":0,"parent":0,"menu_order":0,"comment_status":"closed","ping_status":"closed","template":"","meta":{"footnotes":""},"class_list":["post-758","page","type-page","status-publish","hentry"],"yoast_head":"<!-- This site is optimized with the Yoast SEO plugin v26.8 - https:\/\/yoast.com\/product\/yoast-seo-wordpress\/ -->\n<title>Journal d&#039;un gars qui essaie | Micha\u00ebl Vessereau<\/title>\n<meta name=\"description\" content=\"Magicien, artiste, professeur de cirque, j&#039;interviens en r\u00e9gion Sud dans le cadre de soir\u00e9es, animations, programmations culturelles.\" \/>\n<meta name=\"robots\" content=\"index, follow, max-snippet:-1, max-image-preview:large, max-video-preview:-1\" \/>\n<link rel=\"canonical\" href=\"https:\/\/www.michaelvessereau.com\/?page_id=758\" \/>\n<meta property=\"og:locale\" content=\"fr_FR\" \/>\n<meta property=\"og:type\" content=\"article\" \/>\n<meta property=\"og:title\" content=\"Journal d&#039;un gars qui essaie | Micha\u00ebl Vessereau\" \/>\n<meta property=\"og:description\" content=\"Magicien, artiste, professeur de cirque, j&#039;interviens en r\u00e9gion Sud dans le cadre de soir\u00e9es, animations, programmations culturelles.\" \/>\n<meta property=\"og:url\" content=\"https:\/\/www.michaelvessereau.com\/?page_id=758\" \/>\n<meta property=\"og:site_name\" content=\"Micha\u00ebl Vessereau\" \/>\n<meta property=\"article:publisher\" content=\"https:\/\/www.facebook.com\/profile.php?id=100085022991971\" \/>\n<meta property=\"article:modified_time\" content=\"2024-10-03T11:05:15+00:00\" \/>\n<meta property=\"og:image\" content=\"https:\/\/www.michaelvessereau.com\/wp-content\/uploads\/2024\/09\/affiche-JOURNAL-D-UN-gars-scaled-1.jpg\" \/>\n<meta name=\"twitter:card\" content=\"summary_large_image\" \/>\n<meta name=\"twitter:label1\" content=\"Dur\u00e9e de lecture estim\u00e9e\" \/>\n\t<meta name=\"twitter:data1\" content=\"3 minutes\" \/>\n<script type=\"application\/ld+json\" class=\"yoast-schema-graph\">{\"@context\":\"https:\/\/schema.org\",\"@graph\":[{\"@type\":\"WebPage\",\"@id\":\"https:\/\/www.michaelvessereau.com\/?page_id=758\",\"url\":\"https:\/\/www.michaelvessereau.com\/?page_id=758\",\"name\":\"Journal d'un gars qui essaie | Micha\u00ebl Vessereau\",\"isPartOf\":{\"@id\":\"https:\/\/www.michaelvessereau.com\/#website\"},\"primaryImageOfPage\":{\"@id\":\"https:\/\/www.michaelvessereau.com\/?page_id=758#primaryimage\"},\"image\":{\"@id\":\"https:\/\/www.michaelvessereau.com\/?page_id=758#primaryimage\"},\"thumbnailUrl\":\"https:\/\/www.michaelvessereau.com\/wp-content\/uploads\/2024\/09\/affiche-JOURNAL-D-UN-gars-scaled-1.jpg\",\"datePublished\":\"2024-09-29T10:36:10+00:00\",\"dateModified\":\"2024-10-03T11:05:15+00:00\",\"description\":\"Magicien, artiste, professeur de cirque, j'interviens en r\u00e9gion Sud dans le cadre de soir\u00e9es, animations, programmations culturelles.\",\"breadcrumb\":{\"@id\":\"https:\/\/www.michaelvessereau.com\/?page_id=758#breadcrumb\"},\"inLanguage\":\"fr-FR\",\"potentialAction\":[{\"@type\":\"ReadAction\",\"target\":[\"https:\/\/www.michaelvessereau.com\/?page_id=758\"]}]},{\"@type\":\"ImageObject\",\"inLanguage\":\"fr-FR\",\"@id\":\"https:\/\/www.michaelvessereau.com\/?page_id=758#primaryimage\",\"url\":\"https:\/\/www.michaelvessereau.com\/wp-content\/uploads\/2024\/09\/affiche-JOURNAL-D-UN-gars-scaled-1.jpg\",\"contentUrl\":\"https:\/\/www.michaelvessereau.com\/wp-content\/uploads\/2024\/09\/affiche-JOURNAL-D-UN-gars-scaled-1.jpg\",\"width\":1810,\"height\":2560,\"caption\":\"spectacle de magie rapproch\u00e9e sur le th\u00e8me de la d\u00e9construction\"},{\"@type\":\"BreadcrumbList\",\"@id\":\"https:\/\/www.michaelvessereau.com\/?page_id=758#breadcrumb\",\"itemListElement\":[{\"@type\":\"ListItem\",\"position\":1,\"name\":\"Accueil\",\"item\":\"https:\/\/www.michaelvessereau.com\/\"},{\"@type\":\"ListItem\",\"position\":2,\"name\":\"Journal d&rsquo;un gars qui essaie\"}]},{\"@type\":\"WebSite\",\"@id\":\"https:\/\/www.michaelvessereau.com\/#website\",\"url\":\"https:\/\/www.michaelvessereau.com\/\",\"name\":\"Micha\u00ebl Vessereau\",\"description\":\"Magie Rapproch\u00e9e\",\"publisher\":{\"@id\":\"https:\/\/www.michaelvessereau.com\/#\/schema\/person\/c45276981c07f3fbd57b22d8ab7b67c0\"},\"potentialAction\":[{\"@type\":\"SearchAction\",\"target\":{\"@type\":\"EntryPoint\",\"urlTemplate\":\"https:\/\/www.michaelvessereau.com\/?s={search_term_string}\"},\"query-input\":{\"@type\":\"PropertyValueSpecification\",\"valueRequired\":true,\"valueName\":\"search_term_string\"}}],\"inLanguage\":\"fr-FR\"},{\"@type\":[\"Person\",\"Organization\"],\"@id\":\"https:\/\/www.michaelvessereau.com\/#\/schema\/person\/c45276981c07f3fbd57b22d8ab7b67c0\",\"name\":\"Micha\u00ebl Vessereau\",\"image\":{\"@type\":\"ImageObject\",\"inLanguage\":\"fr-FR\",\"@id\":\"https:\/\/www.michaelvessereau.com\/#\/schema\/person\/image\/\",\"url\":\"http:\/\/www.michaelvessereau.com\/wp-content\/uploads\/2020\/07\/entete-3-mika-1200x2000-online.jpg\",\"contentUrl\":\"http:\/\/www.michaelvessereau.com\/wp-content\/uploads\/2020\/07\/entete-3-mika-1200x2000-online.jpg\",\"width\":2000,\"height\":1200,\"caption\":\"Micha\u00ebl Vessereau\"},\"logo\":{\"@id\":\"https:\/\/www.michaelvessereau.com\/#\/schema\/person\/image\/\"},\"description\":\"Artiste de cirque, metteur en sc\u00e8ne, magicien. J'exerce en tant que Coach professionnel certifi\u00e9 ACTP \/ RNCP 6. J'exerce principalement en r\u00e9gion Sud - PACA et bouches du Rh\u00f4ne (13). Je porte une attention particuli\u00e8re au langage corporel et aux \u00e9motions. J'interviens \u00e9galement dans le cadre de structuration d'\u00e9quipes, de team building.\",\"sameAs\":[\"http:\/\/michaelvessereau.com\",\"https:\/\/www.facebook.com\/profile.php?id=100085022991971\",\"https:\/\/www.linkedin.com\/in\/michalvessereau\/\"]}]}<\/script>\n<!-- \/ Yoast SEO plugin. -->","yoast_head_json":{"title":"Journal d'un gars qui essaie | Micha\u00ebl Vessereau","description":"Magicien, artiste, professeur de cirque, j'interviens en r\u00e9gion Sud dans le cadre de soir\u00e9es, animations, programmations culturelles.","robots":{"index":"index","follow":"follow","max-snippet":"max-snippet:-1","max-image-preview":"max-image-preview:large","max-video-preview":"max-video-preview:-1"},"canonical":"https:\/\/www.michaelvessereau.com\/?page_id=758","og_locale":"fr_FR","og_type":"article","og_title":"Journal d'un gars qui essaie | Micha\u00ebl Vessereau","og_description":"Magicien, artiste, professeur de cirque, j'interviens en r\u00e9gion Sud dans le cadre de soir\u00e9es, animations, programmations culturelles.","og_url":"https:\/\/www.michaelvessereau.com\/?page_id=758","og_site_name":"Micha\u00ebl Vessereau","article_publisher":"https:\/\/www.facebook.com\/profile.php?id=100085022991971","article_modified_time":"2024-10-03T11:05:15+00:00","og_image":[{"url":"https:\/\/www.michaelvessereau.com\/wp-content\/uploads\/2024\/09\/affiche-JOURNAL-D-UN-gars-scaled-1.jpg","type":"","width":"","height":""}],"twitter_card":"summary_large_image","twitter_misc":{"Dur\u00e9e de lecture estim\u00e9e":"3 minutes"},"schema":{"@context":"https:\/\/schema.org","@graph":[{"@type":"WebPage","@id":"https:\/\/www.michaelvessereau.com\/?page_id=758","url":"https:\/\/www.michaelvessereau.com\/?page_id=758","name":"Journal d'un gars qui essaie | Micha\u00ebl Vessereau","isPartOf":{"@id":"https:\/\/www.michaelvessereau.com\/#website"},"primaryImageOfPage":{"@id":"https:\/\/www.michaelvessereau.com\/?page_id=758#primaryimage"},"image":{"@id":"https:\/\/www.michaelvessereau.com\/?page_id=758#primaryimage"},"thumbnailUrl":"https:\/\/www.michaelvessereau.com\/wp-content\/uploads\/2024\/09\/affiche-JOURNAL-D-UN-gars-scaled-1.jpg","datePublished":"2024-09-29T10:36:10+00:00","dateModified":"2024-10-03T11:05:15+00:00","description":"Magicien, artiste, professeur de cirque, j'interviens en r\u00e9gion Sud dans le cadre de soir\u00e9es, animations, programmations culturelles.","breadcrumb":{"@id":"https:\/\/www.michaelvessereau.com\/?page_id=758#breadcrumb"},"inLanguage":"fr-FR","potentialAction":[{"@type":"ReadAction","target":["https:\/\/www.michaelvessereau.com\/?page_id=758"]}]},{"@type":"ImageObject","inLanguage":"fr-FR","@id":"https:\/\/www.michaelvessereau.com\/?page_id=758#primaryimage","url":"https:\/\/www.michaelvessereau.com\/wp-content\/uploads\/2024\/09\/affiche-JOURNAL-D-UN-gars-scaled-1.jpg","contentUrl":"https:\/\/www.michaelvessereau.com\/wp-content\/uploads\/2024\/09\/affiche-JOURNAL-D-UN-gars-scaled-1.jpg","width":1810,"height":2560,"caption":"spectacle de magie rapproch\u00e9e sur le th\u00e8me de la d\u00e9construction"},{"@type":"BreadcrumbList","@id":"https:\/\/www.michaelvessereau.com\/?page_id=758#breadcrumb","itemListElement":[{"@type":"ListItem","position":1,"name":"Accueil","item":"https:\/\/www.michaelvessereau.com\/"},{"@type":"ListItem","position":2,"name":"Journal d&rsquo;un gars qui essaie"}]},{"@type":"WebSite","@id":"https:\/\/www.michaelvessereau.com\/#website","url":"https:\/\/www.michaelvessereau.com\/","name":"Micha\u00ebl Vessereau","description":"Magie Rapproch\u00e9e","publisher":{"@id":"https:\/\/www.michaelvessereau.com\/#\/schema\/person\/c45276981c07f3fbd57b22d8ab7b67c0"},"potentialAction":[{"@type":"SearchAction","target":{"@type":"EntryPoint","urlTemplate":"https:\/\/www.michaelvessereau.com\/?s={search_term_string}"},"query-input":{"@type":"PropertyValueSpecification","valueRequired":true,"valueName":"search_term_string"}}],"inLanguage":"fr-FR"},{"@type":["Person","Organization"],"@id":"https:\/\/www.michaelvessereau.com\/#\/schema\/person\/c45276981c07f3fbd57b22d8ab7b67c0","name":"Micha\u00ebl Vessereau","image":{"@type":"ImageObject","inLanguage":"fr-FR","@id":"https:\/\/www.michaelvessereau.com\/#\/schema\/person\/image\/","url":"http:\/\/www.michaelvessereau.com\/wp-content\/uploads\/2020\/07\/entete-3-mika-1200x2000-online.jpg","contentUrl":"http:\/\/www.michaelvessereau.com\/wp-content\/uploads\/2020\/07\/entete-3-mika-1200x2000-online.jpg","width":2000,"height":1200,"caption":"Micha\u00ebl Vessereau"},"logo":{"@id":"https:\/\/www.michaelvessereau.com\/#\/schema\/person\/image\/"},"description":"Artiste de cirque, metteur en sc\u00e8ne, magicien. J'exerce en tant que Coach professionnel certifi\u00e9 ACTP \/ RNCP 6. J'exerce principalement en r\u00e9gion Sud - PACA et bouches du Rh\u00f4ne (13). Je porte une attention particuli\u00e8re au langage corporel et aux \u00e9motions. J'interviens \u00e9galement dans le cadre de structuration d'\u00e9quipes, de team building.","sameAs":["http:\/\/michaelvessereau.com","https:\/\/www.facebook.com\/profile.php?id=100085022991971","https:\/\/www.linkedin.com\/in\/michalvessereau\/"]}]}},"_links":{"self":[{"href":"https:\/\/www.michaelvessereau.com\/index.php?rest_route=\/wp\/v2\/pages\/758","targetHints":{"allow":["GET"]}}],"collection":[{"href":"https:\/\/www.michaelvessereau.com\/index.php?rest_route=\/wp\/v2\/pages"}],"about":[{"href":"https:\/\/www.michaelvessereau.com\/index.php?rest_route=\/wp\/v2\/types\/page"}],"author":[{"embeddable":true,"href":"https:\/\/www.michaelvessereau.com\/index.php?rest_route=\/wp\/v2\/users\/1"}],"replies":[{"embeddable":true,"href":"https:\/\/www.michaelvessereau.com\/index.php?rest_route=%2Fwp%2Fv2%2Fcomments&post=758"}],"version-history":[{"count":13,"href":"https:\/\/www.michaelvessereau.com\/index.php?rest_route=\/wp\/v2\/pages\/758\/revisions"}],"predecessor-version":[{"id":843,"href":"https:\/\/www.michaelvessereau.com\/index.php?rest_route=\/wp\/v2\/pages\/758\/revisions\/843"}],"wp:attachment":[{"href":"https:\/\/www.michaelvessereau.com\/index.php?rest_route=%2Fwp%2Fv2%2Fmedia&parent=758"}],"curies":[{"name":"wp","href":"https:\/\/api.w.org\/{rel}","templated":true}]}}