{"id":7,"date":"2019-03-29T12:38:32","date_gmt":"2019-03-29T11:38:32","guid":{"rendered":"http:\/\/www.michaelvessereau.com\/?page_id=7"},"modified":"2026-01-31T21:17:45","modified_gmt":"2026-01-31T20:17:45","slug":"le-gout-de-la-diversite","status":"publish","type":"page","link":"https:\/\/www.michaelvessereau.com\/","title":{"rendered":"Qui je suis"},"content":{"rendered":"\n<div class=\"wp-block-media-text alignwide is-stacked-on-mobile is-vertically-aligned-top\" style=\"grid-template-columns:44% auto\"><figure class=\"wp-block-media-text__media\"><img loading=\"lazy\" decoding=\"async\" width=\"600\" height=\"900\" src=\"http:\/\/www.michaelvessereau.com\/wp-content\/uploads\/2019\/05\/Michael-Vessereau2-1.jpg\" alt=\"\" class=\"wp-image-107 size-full\" srcset=\"https:\/\/www.michaelvessereau.com\/wp-content\/uploads\/2019\/05\/Michael-Vessereau2-1.jpg 600w, https:\/\/www.michaelvessereau.com\/wp-content\/uploads\/2019\/05\/Michael-Vessereau2-1-200x300.jpg 200w\" sizes=\"auto, (max-width: 600px) 100vw, 600px\" \/><\/figure><div class=\"wp-block-media-text__content\">\n<p class=\"has-drop-cap\" style=\"font-size:15px\">D\u2019aussi loin que je me souvienne, je cultive le go\u00fbt de la diversit\u00e9, de l\u2019\u00e9clectisme et de la d\u00e9couverte. <mark style=\"background-color:rgba(0, 0, 0, 0)\" class=\"has-inline-color has-vivid-red-color\"><strong>Le d\u00e9s\u00e9quilibre est mon moteur, ma motivation<\/strong>.<\/mark> Il d\u00e9veloppe ma curiosit\u00e9 et attise ma soif de nouveaut\u00e9.<\/p>\n\n\n\n<p style=\"font-size:15px\">Ma magie est, avant toute autre chose, tourn\u00e9e vers l&rsquo;autre. j&rsquo;aime rencontrer les gens. Je propose une magie centr\u00e9e sur le moment pr\u00e9sent. A mon sens, l&rsquo;effet magique et la surprise ne sont pas des finalit\u00e9s mais bien des outils pour faciliter la rencontre.<\/p>\n\n\n\n<p style=\"font-size:15px\">Loin d\u2019\u00eatre lin\u00e9aire, mon parcours se d\u00e9finit par la joie de d\u00e9couvrir sans cesse et d\u2019<strong><mark style=\"background-color:rgba(0, 0, 0, 0)\" class=\"has-inline-color has-vivid-red-color\">apprendre ce que je ne connais pas<\/mark><\/strong>. J\u2019ai du plaisir \u00e0 m\u2019adapter au changement. Pour moi, il y a de la vie dans l\u2019instabilit\u00e9.<\/p>\n<\/div><\/div>\n\n\n\n<p style=\"font-size:15px\">Form\u00e9 au <a href=\"http:\/\/www.cnac.fr\" target=\"_blank\" rel=\"noreferrer noopener\">Centre National des Arts du Cirque<\/a> de Ch\u00e2lons-en-Champagne, j\u2019 exerce tout d&rsquo;abord les m\u00e9tiers d\u2019acrobate, danseur, clown, com\u00e9dien, metteur en sc\u00e8ne, technicien, directeur de compagnie artistique, p\u00e9dagogue et coach professionnel.<\/p>\n\n\n\n<p style=\"font-size:15px\">Ces activit\u00e9s font partie d\u2019une m\u00eame fractale : les m\u00eames int\u00e9r\u00eats, motivations et \u00e9lans d\u00e9clin\u00e9s sous plusieurs formes. Des manifestations diff\u00e9rentes de mon go\u00fbt de la diversit\u00e9, du mouvement, de l\u2019adaptation et du plaisir du d\u00e9s\u00e9quilibre.<\/p>\n\n\n\n<figure class=\"wp-block-image size-large is-style-rounded  style=&quot;text-decoration:none&quot;\"><img decoding=\"async\" src=\"http:\/\/www.michaelvessereau.com\/wp-content\/uploads\/2021\/04\/parcours-NB-1.png\" alt=\"Artiste: un parcours pluriel\"\/><\/figure>\n\n\n\n<p style=\"font-size:15px\">je suis <a href=\"https:\/\/www.michaelvessereau.com\/?page_id=580\" target=\"_blank\" rel=\"noreferrer noopener\">magicien<\/a> par go\u00fbt de la surprise. Je tente de cr\u00e9er de l\u2019\u00e9merveillement dans le r\u00e9el, dans le quotidien. J\u2019affectionne particuli\u00e8rement une magie impromptue, une magie de l&rsquo;instant, une magie qui s&rsquo;improvise.<\/p>\n\n\n\n<p style=\"font-size:15px;line-height:1.5\">A mon sens, les Arts du Cirque et de la Magie portent en eux l\u2019ADN de la mutation, du changement joyeux, de la curiosit\u00e9 truculente. Les artistes de cirque comme les magiciens sont au centre de leur cr\u00e9ativit\u00e9. Ils sont des \u00ab&nbsp;artistes&nbsp;\u00bb autant que des \u00ab&nbsp;artisans&nbsp;\u00bb.<\/p>\n\n\n\n<p>Mes activit\u00e9s artistiques sont aujourd&rsquo;hui port\u00e9es par la <mark style=\"background-color:rgba(0, 0, 0, 0)\" class=\"has-inline-color has-vivid-red-color\"><a href=\"https:\/\/www.cielatendresse.com\" target=\"_blank\" rel=\"noreferrer noopener\">Cie la tendresse<\/a><\/mark>. venez y d\u00e9couvrir les spectacles en tourn\u00e9e et les futurs projets.<\/p>\n\n\n\n<p class=\"has-text-align-right\">Micha\u00ebl Vessereau<\/p>\n","protected":false},"excerpt":{"rendered":"<p>D\u2019aussi loin que je me souvienne, je cultive le go\u00fbt de la diversit\u00e9, de l\u2019\u00e9clectisme et de la d\u00e9couverte. Le d\u00e9s\u00e9quilibre est mon moteur, ma motivation. Il d\u00e9veloppe ma curiosit\u00e9 et attise ma soif de nouveaut\u00e9. Ma magie est, avant toute autre chose, tourn\u00e9e vers l&rsquo;autre. j&rsquo;aime rencontrer les gens. Je propose une magie centr\u00e9e &hellip; <\/p>\n<p class=\"link-more\"><a href=\"https:\/\/www.michaelvessereau.com\/\" class=\"more-link\">Continuer la lecture<span class=\"screen-reader-text\"> de &laquo;&nbsp;Qui je suis&nbsp;&raquo;<\/span><\/a><\/p>\n","protected":false},"author":1,"featured_media":107,"parent":0,"menu_order":1,"comment_status":"closed","ping_status":"closed","template":"","meta":{"footnotes":""},"class_list":["post-7","page","type-page","status-publish","has-post-thumbnail","hentry"],"yoast_head":"<!-- This site is optimized with the Yoast SEO plugin v26.8 - https:\/\/yoast.com\/product\/yoast-seo-wordpress\/ -->\n<title>Micha\u00ebl Vessereau | le go\u00fbt de la diversit\u00e9 |<\/title>\n<meta name=\"description\" content=\"Magicien, artiste, professeur de cirque, j&#039;interviens en r\u00e9gion Sud dans le cadre de soir\u00e9es, animations, programmations culturelles.\" \/>\n<meta name=\"robots\" content=\"index, follow, max-snippet:-1, max-image-preview:large, max-video-preview:-1\" \/>\n<link rel=\"canonical\" href=\"https:\/\/www.michaelvessereau.com\/\" \/>\n<meta property=\"og:locale\" content=\"fr_FR\" \/>\n<meta property=\"og:type\" content=\"article\" \/>\n<meta property=\"og:title\" content=\"Micha\u00ebl Vessereau | le go\u00fbt de la diversit\u00e9 |\" \/>\n<meta property=\"og:description\" content=\"Magicien, artiste, professeur de cirque, j&#039;interviens en r\u00e9gion Sud dans le cadre de soir\u00e9es, animations, programmations culturelles.\" \/>\n<meta property=\"og:url\" content=\"https:\/\/www.michaelvessereau.com\/\" \/>\n<meta property=\"og:site_name\" content=\"Micha\u00ebl Vessereau\" \/>\n<meta property=\"article:publisher\" content=\"https:\/\/www.facebook.com\/profile.php?id=100085022991971\" \/>\n<meta property=\"article:modified_time\" content=\"2026-01-31T20:17:45+00:00\" \/>\n<meta property=\"og:image\" content=\"https:\/\/www.michaelvessereau.com\/wp-content\/uploads\/2019\/05\/Michael-Vessereau2-1.jpg\" \/>\n\t<meta property=\"og:image:width\" content=\"600\" \/>\n\t<meta property=\"og:image:height\" content=\"900\" \/>\n\t<meta property=\"og:image:type\" content=\"image\/jpeg\" \/>\n<meta name=\"twitter:card\" content=\"summary_large_image\" \/>\n<meta name=\"twitter:label1\" content=\"Dur\u00e9e de lecture estim\u00e9e\" \/>\n\t<meta name=\"twitter:data1\" content=\"3 minutes\" \/>\n<script type=\"application\/ld+json\" class=\"yoast-schema-graph\">{\"@context\":\"https:\/\/schema.org\",\"@graph\":[{\"@type\":\"WebPage\",\"@id\":\"https:\/\/www.michaelvessereau.com\/\",\"url\":\"https:\/\/www.michaelvessereau.com\/\",\"name\":\"Micha\u00ebl Vessereau | le go\u00fbt de la diversit\u00e9 |\",\"isPartOf\":{\"@id\":\"https:\/\/www.michaelvessereau.com\/#website\"},\"primaryImageOfPage\":{\"@id\":\"https:\/\/www.michaelvessereau.com\/#primaryimage\"},\"image\":{\"@id\":\"https:\/\/www.michaelvessereau.com\/#primaryimage\"},\"thumbnailUrl\":\"https:\/\/www.michaelvessereau.com\/wp-content\/uploads\/2019\/05\/Michael-Vessereau2-1.jpg\",\"datePublished\":\"2019-03-29T11:38:32+00:00\",\"dateModified\":\"2026-01-31T20:17:45+00:00\",\"description\":\"Magicien, artiste, professeur de cirque, j'interviens en r\u00e9gion Sud dans le cadre de soir\u00e9es, animations, programmations culturelles.\",\"breadcrumb\":{\"@id\":\"https:\/\/www.michaelvessereau.com\/#breadcrumb\"},\"inLanguage\":\"fr-FR\",\"potentialAction\":[{\"@type\":\"ReadAction\",\"target\":[\"https:\/\/www.michaelvessereau.com\/\"]}]},{\"@type\":\"ImageObject\",\"inLanguage\":\"fr-FR\",\"@id\":\"https:\/\/www.michaelvessereau.com\/#primaryimage\",\"url\":\"https:\/\/www.michaelvessereau.com\/wp-content\/uploads\/2019\/05\/Michael-Vessereau2-1.jpg\",\"contentUrl\":\"https:\/\/www.michaelvessereau.com\/wp-content\/uploads\/2019\/05\/Michael-Vessereau2-1.jpg\",\"width\":600,\"height\":900,\"caption\":\"michaelvessereau.com\"},{\"@type\":\"BreadcrumbList\",\"@id\":\"https:\/\/www.michaelvessereau.com\/#breadcrumb\",\"itemListElement\":[{\"@type\":\"ListItem\",\"position\":1,\"name\":\"Accueil\",\"item\":\"https:\/\/www.michaelvessereau.com\/\"},{\"@type\":\"ListItem\",\"position\":2,\"name\":\"Qui je suis\"}]},{\"@type\":\"WebSite\",\"@id\":\"https:\/\/www.michaelvessereau.com\/#website\",\"url\":\"https:\/\/www.michaelvessereau.com\/\",\"name\":\"Micha\u00ebl Vessereau\",\"description\":\"Magie Rapproch\u00e9e\",\"publisher\":{\"@id\":\"https:\/\/www.michaelvessereau.com\/#\/schema\/person\/c45276981c07f3fbd57b22d8ab7b67c0\"},\"potentialAction\":[{\"@type\":\"SearchAction\",\"target\":{\"@type\":\"EntryPoint\",\"urlTemplate\":\"https:\/\/www.michaelvessereau.com\/?s={search_term_string}\"},\"query-input\":{\"@type\":\"PropertyValueSpecification\",\"valueRequired\":true,\"valueName\":\"search_term_string\"}}],\"inLanguage\":\"fr-FR\"},{\"@type\":[\"Person\",\"Organization\"],\"@id\":\"https:\/\/www.michaelvessereau.com\/#\/schema\/person\/c45276981c07f3fbd57b22d8ab7b67c0\",\"name\":\"Micha\u00ebl Vessereau\",\"image\":{\"@type\":\"ImageObject\",\"inLanguage\":\"fr-FR\",\"@id\":\"https:\/\/www.michaelvessereau.com\/#\/schema\/person\/image\/\",\"url\":\"http:\/\/www.michaelvessereau.com\/wp-content\/uploads\/2020\/07\/entete-3-mika-1200x2000-online.jpg\",\"contentUrl\":\"http:\/\/www.michaelvessereau.com\/wp-content\/uploads\/2020\/07\/entete-3-mika-1200x2000-online.jpg\",\"width\":2000,\"height\":1200,\"caption\":\"Micha\u00ebl Vessereau\"},\"logo\":{\"@id\":\"https:\/\/www.michaelvessereau.com\/#\/schema\/person\/image\/\"},\"description\":\"Artiste de cirque, metteur en sc\u00e8ne, magicien. J'exerce en tant que Coach professionnel certifi\u00e9 ACTP \/ RNCP 6. J'exerce principalement en r\u00e9gion Sud - PACA et bouches du Rh\u00f4ne (13). Je porte une attention particuli\u00e8re au langage corporel et aux \u00e9motions. J'interviens \u00e9galement dans le cadre de structuration d'\u00e9quipes, de team building.\",\"sameAs\":[\"http:\/\/michaelvessereau.com\",\"https:\/\/www.facebook.com\/profile.php?id=100085022991971\",\"https:\/\/www.linkedin.com\/in\/michalvessereau\/\"]}]}<\/script>\n<!-- \/ Yoast SEO plugin. -->","yoast_head_json":{"title":"Micha\u00ebl Vessereau | le go\u00fbt de la diversit\u00e9 |","description":"Magicien, artiste, professeur de cirque, j'interviens en r\u00e9gion Sud dans le cadre de soir\u00e9es, animations, programmations culturelles.","robots":{"index":"index","follow":"follow","max-snippet":"max-snippet:-1","max-image-preview":"max-image-preview:large","max-video-preview":"max-video-preview:-1"},"canonical":"https:\/\/www.michaelvessereau.com\/","og_locale":"fr_FR","og_type":"article","og_title":"Micha\u00ebl Vessereau | le go\u00fbt de la diversit\u00e9 |","og_description":"Magicien, artiste, professeur de cirque, j'interviens en r\u00e9gion Sud dans le cadre de soir\u00e9es, animations, programmations culturelles.","og_url":"https:\/\/www.michaelvessereau.com\/","og_site_name":"Micha\u00ebl Vessereau","article_publisher":"https:\/\/www.facebook.com\/profile.php?id=100085022991971","article_modified_time":"2026-01-31T20:17:45+00:00","og_image":[{"width":600,"height":900,"url":"https:\/\/www.michaelvessereau.com\/wp-content\/uploads\/2019\/05\/Michael-Vessereau2-1.jpg","type":"image\/jpeg"}],"twitter_card":"summary_large_image","twitter_misc":{"Dur\u00e9e de lecture estim\u00e9e":"3 minutes"},"schema":{"@context":"https:\/\/schema.org","@graph":[{"@type":"WebPage","@id":"https:\/\/www.michaelvessereau.com\/","url":"https:\/\/www.michaelvessereau.com\/","name":"Micha\u00ebl Vessereau | le go\u00fbt de la diversit\u00e9 |","isPartOf":{"@id":"https:\/\/www.michaelvessereau.com\/#website"},"primaryImageOfPage":{"@id":"https:\/\/www.michaelvessereau.com\/#primaryimage"},"image":{"@id":"https:\/\/www.michaelvessereau.com\/#primaryimage"},"thumbnailUrl":"https:\/\/www.michaelvessereau.com\/wp-content\/uploads\/2019\/05\/Michael-Vessereau2-1.jpg","datePublished":"2019-03-29T11:38:32+00:00","dateModified":"2026-01-31T20:17:45+00:00","description":"Magicien, artiste, professeur de cirque, j'interviens en r\u00e9gion Sud dans le cadre de soir\u00e9es, animations, programmations culturelles.","breadcrumb":{"@id":"https:\/\/www.michaelvessereau.com\/#breadcrumb"},"inLanguage":"fr-FR","potentialAction":[{"@type":"ReadAction","target":["https:\/\/www.michaelvessereau.com\/"]}]},{"@type":"ImageObject","inLanguage":"fr-FR","@id":"https:\/\/www.michaelvessereau.com\/#primaryimage","url":"https:\/\/www.michaelvessereau.com\/wp-content\/uploads\/2019\/05\/Michael-Vessereau2-1.jpg","contentUrl":"https:\/\/www.michaelvessereau.com\/wp-content\/uploads\/2019\/05\/Michael-Vessereau2-1.jpg","width":600,"height":900,"caption":"michaelvessereau.com"},{"@type":"BreadcrumbList","@id":"https:\/\/www.michaelvessereau.com\/#breadcrumb","itemListElement":[{"@type":"ListItem","position":1,"name":"Accueil","item":"https:\/\/www.michaelvessereau.com\/"},{"@type":"ListItem","position":2,"name":"Qui je suis"}]},{"@type":"WebSite","@id":"https:\/\/www.michaelvessereau.com\/#website","url":"https:\/\/www.michaelvessereau.com\/","name":"Micha\u00ebl Vessereau","description":"Magie Rapproch\u00e9e","publisher":{"@id":"https:\/\/www.michaelvessereau.com\/#\/schema\/person\/c45276981c07f3fbd57b22d8ab7b67c0"},"potentialAction":[{"@type":"SearchAction","target":{"@type":"EntryPoint","urlTemplate":"https:\/\/www.michaelvessereau.com\/?s={search_term_string}"},"query-input":{"@type":"PropertyValueSpecification","valueRequired":true,"valueName":"search_term_string"}}],"inLanguage":"fr-FR"},{"@type":["Person","Organization"],"@id":"https:\/\/www.michaelvessereau.com\/#\/schema\/person\/c45276981c07f3fbd57b22d8ab7b67c0","name":"Micha\u00ebl Vessereau","image":{"@type":"ImageObject","inLanguage":"fr-FR","@id":"https:\/\/www.michaelvessereau.com\/#\/schema\/person\/image\/","url":"http:\/\/www.michaelvessereau.com\/wp-content\/uploads\/2020\/07\/entete-3-mika-1200x2000-online.jpg","contentUrl":"http:\/\/www.michaelvessereau.com\/wp-content\/uploads\/2020\/07\/entete-3-mika-1200x2000-online.jpg","width":2000,"height":1200,"caption":"Micha\u00ebl Vessereau"},"logo":{"@id":"https:\/\/www.michaelvessereau.com\/#\/schema\/person\/image\/"},"description":"Artiste de cirque, metteur en sc\u00e8ne, magicien. J'exerce en tant que Coach professionnel certifi\u00e9 ACTP \/ RNCP 6. J'exerce principalement en r\u00e9gion Sud - PACA et bouches du Rh\u00f4ne (13). Je porte une attention particuli\u00e8re au langage corporel et aux \u00e9motions. J'interviens \u00e9galement dans le cadre de structuration d'\u00e9quipes, de team building.","sameAs":["http:\/\/michaelvessereau.com","https:\/\/www.facebook.com\/profile.php?id=100085022991971","https:\/\/www.linkedin.com\/in\/michalvessereau\/"]}]}},"_links":{"self":[{"href":"https:\/\/www.michaelvessereau.com\/index.php?rest_route=\/wp\/v2\/pages\/7","targetHints":{"allow":["GET"]}}],"collection":[{"href":"https:\/\/www.michaelvessereau.com\/index.php?rest_route=\/wp\/v2\/pages"}],"about":[{"href":"https:\/\/www.michaelvessereau.com\/index.php?rest_route=\/wp\/v2\/types\/page"}],"author":[{"embeddable":true,"href":"https:\/\/www.michaelvessereau.com\/index.php?rest_route=\/wp\/v2\/users\/1"}],"replies":[{"embeddable":true,"href":"https:\/\/www.michaelvessereau.com\/index.php?rest_route=%2Fwp%2Fv2%2Fcomments&post=7"}],"version-history":[{"count":55,"href":"https:\/\/www.michaelvessereau.com\/index.php?rest_route=\/wp\/v2\/pages\/7\/revisions"}],"predecessor-version":[{"id":875,"href":"https:\/\/www.michaelvessereau.com\/index.php?rest_route=\/wp\/v2\/pages\/7\/revisions\/875"}],"wp:featuredmedia":[{"embeddable":true,"href":"https:\/\/www.michaelvessereau.com\/index.php?rest_route=\/wp\/v2\/media\/107"}],"wp:attachment":[{"href":"https:\/\/www.michaelvessereau.com\/index.php?rest_route=%2Fwp%2Fv2%2Fmedia&parent=7"}],"curies":[{"name":"wp","href":"https:\/\/api.w.org\/{rel}","templated":true}]}}