{"id":599,"date":"2022-04-13T19:47:17","date_gmt":"2022-04-13T17:47:17","guid":{"rendered":"http:\/\/www.michaelvessereau.com\/?page_id=599"},"modified":"2026-01-13T18:04:29","modified_gmt":"2026-01-13T17:04:29","slug":"cultiver-linattendu","status":"publish","type":"page","link":"https:\/\/www.michaelvessereau.com\/?page_id=599","title":{"rendered":"\u00ab\u00a0Cultiver l&rsquo;inattendu ou l&rsquo;art de la rencontre\u00a0\u00bb"},"content":{"rendered":"\n<div class=\"wp-block-media-text is-stacked-on-mobile\" style=\"grid-template-columns:45% auto\"><figure class=\"wp-block-media-text__media\"><a href=\"https:\/\/www.michaelvessereau.com\/wp-content\/uploads\/2024\/04\/flyerV2-cultiver-130124.pdf\" target=\"_blank\" rel=\"noreferrer noopener\"><img loading=\"lazy\" decoding=\"async\" width=\"1240\" height=\"1737\" src=\"https:\/\/www.michaelvessereau.com\/wp-content\/uploads\/2024\/01\/visuel-web.jpg\" alt=\"&quot;Cultiver l'inattendu ou l'art de la rencontre&quot;\" class=\"wp-image-718 size-full\"\/><\/a><\/figure><div class=\"wp-block-media-text__content\">\n<p style=\"font-size:15px\">Le spectacle<mark style=\"background-color:rgba(0, 0, 0, 0)\" class=\"has-inline-color has-vivid-red-color\"> <strong>\u201cCultiver l\u2019inattendu ou l&rsquo;art de la rencontre\u201d<\/strong><\/mark> est une divagation po\u00e9tique en trois actes autour du th\u00e8me du \u201cvivre-ensemble\u201d.<\/p>\n\n\n\n<p style=\"font-size:15px\">Micha\u00ebl Vessereau engage le public dans une r\u00e9flexion collective, pataphysique, magique et th\u00e9\u00e2trale.<\/p>\n\n\n\n<p style=\"font-size:15px\"><strong><mark style=\"background-color:rgba(0, 0, 0, 0)\" class=\"has-inline-color has-vivid-red-color\">\u201cCultiver l\u2019inattendu\u201d<\/mark><\/strong> c\u2019est accepter de <strong>se <\/strong>laisser surprendre par ce que l\u2019on ne comprend pas, par l\u2019autre et par soi-m\u00eame. C\u2019est aussi savourer le plaisir de se retrouver simplement, autour d\u2019un jeu de cartes\u2026 et de quelques miracles !<\/p>\n\n\n\n<p style=\"font-size:15px\"><strong><mark style=\"background-color:rgba(0, 0, 0, 0)\" class=\"has-inline-color has-vivid-red-color\">\u00ab\u00a0Cultiver l&rsquo;inattendu\u00a0\u00bb<\/mark><\/strong> est une \u00f4de \u00e0 la simplicit\u00e9 de la rencontre, au temps qui passe et \u00e0 la convivialit\u00e9.<\/p>\n<\/div><\/div>\n\n\n\n<p style=\"font-size:15px\">Issu du <a href=\"https:\/\/cnac.fr\/\" target=\"_blank\" rel=\"noreferrer noopener\">Centre National des Arts du Cirque<\/a> en 2001, Micha\u00ebl Vessereau partage son temps entre la mise en sc\u00e8ne de spectacles, l\u2019enseignement des Arts du Cirque et <a href=\"http:\/\/www.michaelvessereau.com\/?page_id=580\" target=\"_blank\" rel=\"noreferrer noopener\">la magie<\/a>. Ces activit\u00e9s ont en commun le go\u00fbt pour la nouveaut\u00e9 et <strong><mark style=\"background-color:rgba(0, 0, 0, 0)\" class=\"has-inline-color has-vivid-red-color\">le plaisir du d\u00e9s\u00e9quilibre et de l\u2019inattendu.<\/mark><\/strong><\/p>\n\n\n\n<p class=\"has-text-align-center\" style=\"font-size:15px\"><strong>Spectacle de magie rapproch\u00e9e pour bars, terrasses &amp; jardins<\/strong><br><strong>Spectacle disponible en lien avec des <a href=\"https:\/\/filariane.com\/\" target=\"_blank\" rel=\"noreferrer noopener\">actions \u00e9ducatives<\/a><\/strong><\/p>\n\n\n\n<p style=\"font-size:15px\"><strong><mark style=\"background-color:rgba(0, 0, 0, 0)\" class=\"has-inline-color has-vivid-red-color\">\u00c9criture, mise en sc\u00e8ne et interpr\u00e9tation&nbsp;<\/mark>:<\/strong> Micha\u00ebl Vessereau<\/p>\n\n\n\n<h4 class=\"wp-block-heading\" style=\"font-size:15px\"><strong><mark style=\"background-color:rgba(0, 0, 0, 0)\" class=\"has-inline-color has-vivid-red-color\">TOUT PUBLIC<\/mark><\/strong><\/h4>\n\n\n\n<p style=\"font-size:15px\">Pour adultes et enfants \u00e0 partir de 10 ans<\/p>\n\n\n\n<p style=\"font-size:15px\"><strong><mark style=\"background-color:rgba(0, 0, 0, 0)\" class=\"has-inline-color has-vivid-red-color\">DUR\u00c9E<\/mark><\/strong><\/p>\n\n\n\n<p style=\"font-size:15px\">55 min.<\/p>\n\n\n\n<h4 class=\"wp-block-heading\" style=\"font-size:15px\"><strong><mark style=\"background-color:rgba(0, 0, 0, 0)\" class=\"has-inline-color has-vivid-red-color\">FICHE TECHNIQUE<\/mark><\/strong><\/h4>\n\n\n\n<p style=\"font-size:15px\">&#8211; Une prise \u00e9lectrique<br>&#8211; Une table, des chaises pour le public et&#8230; c&rsquo;est tout!<\/p>\n\n\n\n<h4 class=\"wp-block-heading\" style=\"font-size:15px\"><strong><mark style=\"background-color:rgba(0, 0, 0, 0)\" class=\"has-inline-color has-vivid-red-color\">PRODUCTION &amp; DIFFUSION<\/mark><\/strong><\/h4>\n\n\n\n<p style=\"font-size:15px\"><a href=\"https:\/\/www.cielatendresse.com\" target=\"_blank\" rel=\"noreferrer noopener\">Cie La tendresse<\/a><\/p>\n\n\n\n<h4 class=\"wp-block-heading\" style=\"font-size:15px\"><strong><mark style=\"background-color:rgba(0, 0, 0, 0)\" class=\"has-inline-color has-vivid-red-color\">SOUTIENS &amp; PARTENAIRES<\/mark><\/strong><\/h4>\n\n\n\n<p style=\"font-size:15px\">Le spectacle<a href=\"https:\/\/www.cielatendresse.com\/index.php\/cultiver-linattendu\/\" target=\"_blank\" rel=\"noreferrer noopener\"> \u00ab\u00a0Cultiver l&rsquo;inattendu ou l&rsquo;art de la rencontre\u00a0\u00bb<\/a> est soutenu par Le Minist\u00e8re de la Culture et le Pr\u00e9fet de la R\u00e9gion Provence-Alpes-C\u00f4te d&rsquo;Azur dans le cadre du dispositif \u00ab\u00a0\u00e9t\u00e9 culturel 2023\u00a0\u00bb. Ce spectacle \u00e0 \u00e9t\u00e9 accueilli en r\u00e9sidence d&rsquo;\u00e9criture et de cr\u00e9ation par <a href=\"https:\/\/www.nickelchrome.org\/\" target=\"_blank\" rel=\"noreferrer noopener\">Nickel Chrome<\/a> (Martigues 13) et <a href=\"https:\/\/www.artetculture-lachouette.fr\/\" target=\"_blank\" rel=\"noreferrer noopener\">Art et Culture &#8211; La Chouette<\/a> (Beauvezer 04).<\/p>\n\n\n\n<figure data-wp-context=\"{&quot;imageId&quot;:&quot;69e43fca20a52&quot;}\" data-wp-interactive=\"core\/image\" data-wp-key=\"69e43fca20a52\" class=\"wp-block-image size-full wp-duotone-unset-1 wp-lightbox-container\"><img loading=\"lazy\" decoding=\"async\" width=\"2100\" height=\"300\" data-wp-class--hide=\"state.isContentHidden\" data-wp-class--show=\"state.isContentVisible\" data-wp-init=\"callbacks.setButtonStyles\" data-wp-on--click=\"actions.showLightbox\" data-wp-on--load=\"callbacks.setButtonStyles\" data-wp-on-window--resize=\"callbacks.setButtonStyles\" src=\"https:\/\/www.michaelvessereau.com\/wp-content\/uploads\/2023\/11\/bandeau-long-logo-cultiver.png\" alt=\"soutiens DRAC et Pr\u00e9fet PACA\nr\u00e9sidences Art et culture et Nickel Chrome\" class=\"wp-image-703\"\/><button\n\t\t\tclass=\"lightbox-trigger\"\n\t\t\ttype=\"button\"\n\t\t\taria-haspopup=\"dialog\"\n\t\t\taria-label=\"Agrandir\"\n\t\t\tdata-wp-init=\"callbacks.initTriggerButton\"\n\t\t\tdata-wp-on--click=\"actions.showLightbox\"\n\t\t\tdata-wp-style--right=\"state.imageButtonRight\"\n\t\t\tdata-wp-style--top=\"state.imageButtonTop\"\n\t\t>\n\t\t\t<svg xmlns=\"http:\/\/www.w3.org\/2000\/svg\" width=\"12\" height=\"12\" fill=\"none\" viewBox=\"0 0 12 12\">\n\t\t\t\t<path fill=\"#fff\" d=\"M2 0a2 2 0 0 0-2 2v2h1.5V2a.5.5 0 0 1 .5-.5h2V0H2Zm2 10.5H2a.5.5 0 0 1-.5-.5V8H0v2a2 2 0 0 0 2 2h2v-1.5ZM8 12v-1.5h2a.5.5 0 0 0 .5-.5V8H12v2a2 2 0 0 1-2 2H8Zm2-12a2 2 0 0 1 2 2v2h-1.5V2a.5.5 0 0 0-.5-.5H8V0h2Z\" \/>\n\t\t\t<\/svg>\n\t\t<\/button><\/figure>\n\n\n\n<figure class=\"wp-block-embed is-type-video is-provider-youtube wp-block-embed-youtube wp-embed-aspect-16-9 wp-has-aspect-ratio\"><div class=\"wp-block-embed__wrapper\">\n<iframe loading=\"lazy\" title=\"Cultiver l&#039;inattendu ou l&#039;art de la rencontre Teaser 2024\" width=\"525\" height=\"295\" src=\"https:\/\/www.youtube.com\/embed\/5rTSE4nuFV0?feature=oembed\" frameborder=\"0\" allow=\"accelerometer; autoplay; clipboard-write; encrypted-media; gyroscope; picture-in-picture; web-share\" referrerpolicy=\"strict-origin-when-cross-origin\" allowfullscreen><\/iframe>\n<\/div><figcaption class=\"wp-element-caption\">\u00bb Cultiver l\u2019inattendu ou l\u2019art de la rencontre \u00ab<br>\u00c9criture, mise en sc\u00e8ne et interpr\u00e9tation: Micha\u00ebl Vessereau \/ Captation et montage: <a href=\"https:\/\/www.youtube.com\/@lasonora1379\">la sonora<\/a><\/figcaption><\/figure>\n","protected":false},"excerpt":{"rendered":"<p>Le spectacle \u201cCultiver l\u2019inattendu ou l&rsquo;art de la rencontre\u201d est une divagation po\u00e9tique en trois actes autour du th\u00e8me du \u201cvivre-ensemble\u201d. Micha\u00ebl Vessereau engage le public dans une r\u00e9flexion collective, pataphysique, magique et th\u00e9\u00e2trale. \u201cCultiver l\u2019inattendu\u201d c\u2019est accepter de se laisser surprendre par ce que l\u2019on ne comprend pas, par l\u2019autre et par soi-m\u00eame. C\u2019est &hellip; <\/p>\n<p class=\"link-more\"><a href=\"https:\/\/www.michaelvessereau.com\/?page_id=599\" class=\"more-link\">Continuer la lecture<span class=\"screen-reader-text\"> de &laquo;&nbsp;\u00ab\u00a0Cultiver l&rsquo;inattendu ou l&rsquo;art de la rencontre\u00a0\u00bb&nbsp;&raquo;<\/span><\/a><\/p>\n","protected":false},"author":1,"featured_media":0,"parent":0,"menu_order":0,"comment_status":"closed","ping_status":"closed","template":"","meta":{"footnotes":""},"class_list":["post-599","page","type-page","status-publish","hentry"],"yoast_head":"<!-- This site is optimized with the Yoast SEO plugin v26.8 - https:\/\/yoast.com\/product\/yoast-seo-wordpress\/ -->\n<title>Micha\u00ebl Vessereau | &quot;Cultiver l&#039;inattendu ou l&#039;art de la rencontre&quot;<\/title>\n<meta name=\"description\" content=\"Magicien, artiste, professeur de cirque, j&#039;interviens en r\u00e9gion Sud dans le cadre de soir\u00e9es, animations, programmations culturelles.\" \/>\n<meta name=\"robots\" content=\"index, follow, max-snippet:-1, max-image-preview:large, max-video-preview:-1\" \/>\n<link rel=\"canonical\" href=\"https:\/\/www.michaelvessereau.com\/?page_id=599\" \/>\n<meta property=\"og:locale\" content=\"fr_FR\" \/>\n<meta property=\"og:type\" content=\"article\" \/>\n<meta property=\"og:title\" content=\"Micha\u00ebl Vessereau | &quot;Cultiver l&#039;inattendu ou l&#039;art de la rencontre&quot;\" \/>\n<meta property=\"og:description\" content=\"Magicien, artiste, professeur de cirque, j&#039;interviens en r\u00e9gion Sud dans le cadre de soir\u00e9es, animations, programmations culturelles.\" \/>\n<meta property=\"og:url\" content=\"https:\/\/www.michaelvessereau.com\/?page_id=599\" \/>\n<meta property=\"og:site_name\" content=\"Micha\u00ebl Vessereau\" \/>\n<meta property=\"article:publisher\" content=\"https:\/\/www.facebook.com\/profile.php?id=100085022991971\" \/>\n<meta property=\"article:modified_time\" content=\"2026-01-13T17:04:29+00:00\" \/>\n<meta property=\"og:image\" content=\"https:\/\/www.michaelvessereau.com\/wp-content\/uploads\/2024\/01\/visuel-web.jpg\" \/>\n\t<meta property=\"og:image:width\" content=\"1240\" \/>\n\t<meta property=\"og:image:height\" content=\"1737\" \/>\n\t<meta property=\"og:image:type\" content=\"image\/jpeg\" \/>\n<meta name=\"twitter:card\" content=\"summary_large_image\" \/>\n<meta name=\"twitter:label1\" content=\"Dur\u00e9e de lecture estim\u00e9e\" \/>\n\t<meta name=\"twitter:data1\" content=\"2 minutes\" \/>\n<script type=\"application\/ld+json\" class=\"yoast-schema-graph\">{\"@context\":\"https:\/\/schema.org\",\"@graph\":[{\"@type\":\"WebPage\",\"@id\":\"https:\/\/www.michaelvessereau.com\/?page_id=599\",\"url\":\"https:\/\/www.michaelvessereau.com\/?page_id=599\",\"name\":\"Micha\u00ebl Vessereau | \\\"Cultiver l'inattendu ou l'art de la rencontre\\\"\",\"isPartOf\":{\"@id\":\"https:\/\/www.michaelvessereau.com\/#website\"},\"primaryImageOfPage\":{\"@id\":\"https:\/\/www.michaelvessereau.com\/?page_id=599#primaryimage\"},\"image\":{\"@id\":\"https:\/\/www.michaelvessereau.com\/?page_id=599#primaryimage\"},\"thumbnailUrl\":\"https:\/\/www.michaelvessereau.com\/wp-content\/uploads\/2024\/01\/visuel-web.jpg\",\"datePublished\":\"2022-04-13T17:47:17+00:00\",\"dateModified\":\"2026-01-13T17:04:29+00:00\",\"description\":\"Magicien, artiste, professeur de cirque, j'interviens en r\u00e9gion Sud dans le cadre de soir\u00e9es, animations, programmations culturelles.\",\"breadcrumb\":{\"@id\":\"https:\/\/www.michaelvessereau.com\/?page_id=599#breadcrumb\"},\"inLanguage\":\"fr-FR\",\"potentialAction\":[{\"@type\":\"ReadAction\",\"target\":[\"https:\/\/www.michaelvessereau.com\/?page_id=599\"]}]},{\"@type\":\"ImageObject\",\"inLanguage\":\"fr-FR\",\"@id\":\"https:\/\/www.michaelvessereau.com\/?page_id=599#primaryimage\",\"url\":\"https:\/\/www.michaelvessereau.com\/wp-content\/uploads\/2024\/01\/visuel-web.jpg\",\"contentUrl\":\"https:\/\/www.michaelvessereau.com\/wp-content\/uploads\/2024\/01\/visuel-web.jpg\",\"width\":1240,\"height\":1737,\"caption\":\"\\\"Cultiver l'inattendu ou l'art de la rencontre\\\"\"},{\"@type\":\"BreadcrumbList\",\"@id\":\"https:\/\/www.michaelvessereau.com\/?page_id=599#breadcrumb\",\"itemListElement\":[{\"@type\":\"ListItem\",\"position\":1,\"name\":\"Accueil\",\"item\":\"https:\/\/www.michaelvessereau.com\/\"},{\"@type\":\"ListItem\",\"position\":2,\"name\":\"\u00ab\u00a0Cultiver l&rsquo;inattendu ou l&rsquo;art de la rencontre\u00a0\u00bb\"}]},{\"@type\":\"WebSite\",\"@id\":\"https:\/\/www.michaelvessereau.com\/#website\",\"url\":\"https:\/\/www.michaelvessereau.com\/\",\"name\":\"Micha\u00ebl Vessereau\",\"description\":\"Magie Rapproch\u00e9e\",\"publisher\":{\"@id\":\"https:\/\/www.michaelvessereau.com\/#\/schema\/person\/c45276981c07f3fbd57b22d8ab7b67c0\"},\"potentialAction\":[{\"@type\":\"SearchAction\",\"target\":{\"@type\":\"EntryPoint\",\"urlTemplate\":\"https:\/\/www.michaelvessereau.com\/?s={search_term_string}\"},\"query-input\":{\"@type\":\"PropertyValueSpecification\",\"valueRequired\":true,\"valueName\":\"search_term_string\"}}],\"inLanguage\":\"fr-FR\"},{\"@type\":[\"Person\",\"Organization\"],\"@id\":\"https:\/\/www.michaelvessereau.com\/#\/schema\/person\/c45276981c07f3fbd57b22d8ab7b67c0\",\"name\":\"Micha\u00ebl Vessereau\",\"image\":{\"@type\":\"ImageObject\",\"inLanguage\":\"fr-FR\",\"@id\":\"https:\/\/www.michaelvessereau.com\/#\/schema\/person\/image\/\",\"url\":\"http:\/\/www.michaelvessereau.com\/wp-content\/uploads\/2020\/07\/entete-3-mika-1200x2000-online.jpg\",\"contentUrl\":\"http:\/\/www.michaelvessereau.com\/wp-content\/uploads\/2020\/07\/entete-3-mika-1200x2000-online.jpg\",\"width\":2000,\"height\":1200,\"caption\":\"Micha\u00ebl Vessereau\"},\"logo\":{\"@id\":\"https:\/\/www.michaelvessereau.com\/#\/schema\/person\/image\/\"},\"description\":\"Artiste de cirque, metteur en sc\u00e8ne, magicien. J'exerce en tant que Coach professionnel certifi\u00e9 ACTP \/ RNCP 6. J'exerce principalement en r\u00e9gion Sud - PACA et bouches du Rh\u00f4ne (13). Je porte une attention particuli\u00e8re au langage corporel et aux \u00e9motions. J'interviens \u00e9galement dans le cadre de structuration d'\u00e9quipes, de team building.\",\"sameAs\":[\"http:\/\/michaelvessereau.com\",\"https:\/\/www.facebook.com\/profile.php?id=100085022991971\",\"https:\/\/www.linkedin.com\/in\/michalvessereau\/\"]}]}<\/script>\n<!-- \/ Yoast SEO plugin. -->","yoast_head_json":{"title":"Micha\u00ebl Vessereau | \"Cultiver l'inattendu ou l'art de la rencontre\"","description":"Magicien, artiste, professeur de cirque, j'interviens en r\u00e9gion Sud dans le cadre de soir\u00e9es, animations, programmations culturelles.","robots":{"index":"index","follow":"follow","max-snippet":"max-snippet:-1","max-image-preview":"max-image-preview:large","max-video-preview":"max-video-preview:-1"},"canonical":"https:\/\/www.michaelvessereau.com\/?page_id=599","og_locale":"fr_FR","og_type":"article","og_title":"Micha\u00ebl Vessereau | \"Cultiver l'inattendu ou l'art de la rencontre\"","og_description":"Magicien, artiste, professeur de cirque, j'interviens en r\u00e9gion Sud dans le cadre de soir\u00e9es, animations, programmations culturelles.","og_url":"https:\/\/www.michaelvessereau.com\/?page_id=599","og_site_name":"Micha\u00ebl Vessereau","article_publisher":"https:\/\/www.facebook.com\/profile.php?id=100085022991971","article_modified_time":"2026-01-13T17:04:29+00:00","og_image":[{"width":1240,"height":1737,"url":"https:\/\/www.michaelvessereau.com\/wp-content\/uploads\/2024\/01\/visuel-web.jpg","type":"image\/jpeg"}],"twitter_card":"summary_large_image","twitter_misc":{"Dur\u00e9e de lecture estim\u00e9e":"2 minutes"},"schema":{"@context":"https:\/\/schema.org","@graph":[{"@type":"WebPage","@id":"https:\/\/www.michaelvessereau.com\/?page_id=599","url":"https:\/\/www.michaelvessereau.com\/?page_id=599","name":"Micha\u00ebl Vessereau | \"Cultiver l'inattendu ou l'art de la rencontre\"","isPartOf":{"@id":"https:\/\/www.michaelvessereau.com\/#website"},"primaryImageOfPage":{"@id":"https:\/\/www.michaelvessereau.com\/?page_id=599#primaryimage"},"image":{"@id":"https:\/\/www.michaelvessereau.com\/?page_id=599#primaryimage"},"thumbnailUrl":"https:\/\/www.michaelvessereau.com\/wp-content\/uploads\/2024\/01\/visuel-web.jpg","datePublished":"2022-04-13T17:47:17+00:00","dateModified":"2026-01-13T17:04:29+00:00","description":"Magicien, artiste, professeur de cirque, j'interviens en r\u00e9gion Sud dans le cadre de soir\u00e9es, animations, programmations culturelles.","breadcrumb":{"@id":"https:\/\/www.michaelvessereau.com\/?page_id=599#breadcrumb"},"inLanguage":"fr-FR","potentialAction":[{"@type":"ReadAction","target":["https:\/\/www.michaelvessereau.com\/?page_id=599"]}]},{"@type":"ImageObject","inLanguage":"fr-FR","@id":"https:\/\/www.michaelvessereau.com\/?page_id=599#primaryimage","url":"https:\/\/www.michaelvessereau.com\/wp-content\/uploads\/2024\/01\/visuel-web.jpg","contentUrl":"https:\/\/www.michaelvessereau.com\/wp-content\/uploads\/2024\/01\/visuel-web.jpg","width":1240,"height":1737,"caption":"\"Cultiver l'inattendu ou l'art de la rencontre\""},{"@type":"BreadcrumbList","@id":"https:\/\/www.michaelvessereau.com\/?page_id=599#breadcrumb","itemListElement":[{"@type":"ListItem","position":1,"name":"Accueil","item":"https:\/\/www.michaelvessereau.com\/"},{"@type":"ListItem","position":2,"name":"\u00ab\u00a0Cultiver l&rsquo;inattendu ou l&rsquo;art de la rencontre\u00a0\u00bb"}]},{"@type":"WebSite","@id":"https:\/\/www.michaelvessereau.com\/#website","url":"https:\/\/www.michaelvessereau.com\/","name":"Micha\u00ebl Vessereau","description":"Magie Rapproch\u00e9e","publisher":{"@id":"https:\/\/www.michaelvessereau.com\/#\/schema\/person\/c45276981c07f3fbd57b22d8ab7b67c0"},"potentialAction":[{"@type":"SearchAction","target":{"@type":"EntryPoint","urlTemplate":"https:\/\/www.michaelvessereau.com\/?s={search_term_string}"},"query-input":{"@type":"PropertyValueSpecification","valueRequired":true,"valueName":"search_term_string"}}],"inLanguage":"fr-FR"},{"@type":["Person","Organization"],"@id":"https:\/\/www.michaelvessereau.com\/#\/schema\/person\/c45276981c07f3fbd57b22d8ab7b67c0","name":"Micha\u00ebl Vessereau","image":{"@type":"ImageObject","inLanguage":"fr-FR","@id":"https:\/\/www.michaelvessereau.com\/#\/schema\/person\/image\/","url":"http:\/\/www.michaelvessereau.com\/wp-content\/uploads\/2020\/07\/entete-3-mika-1200x2000-online.jpg","contentUrl":"http:\/\/www.michaelvessereau.com\/wp-content\/uploads\/2020\/07\/entete-3-mika-1200x2000-online.jpg","width":2000,"height":1200,"caption":"Micha\u00ebl Vessereau"},"logo":{"@id":"https:\/\/www.michaelvessereau.com\/#\/schema\/person\/image\/"},"description":"Artiste de cirque, metteur en sc\u00e8ne, magicien. J'exerce en tant que Coach professionnel certifi\u00e9 ACTP \/ RNCP 6. J'exerce principalement en r\u00e9gion Sud - PACA et bouches du Rh\u00f4ne (13). Je porte une attention particuli\u00e8re au langage corporel et aux \u00e9motions. J'interviens \u00e9galement dans le cadre de structuration d'\u00e9quipes, de team building.","sameAs":["http:\/\/michaelvessereau.com","https:\/\/www.facebook.com\/profile.php?id=100085022991971","https:\/\/www.linkedin.com\/in\/michalvessereau\/"]}]}},"_links":{"self":[{"href":"https:\/\/www.michaelvessereau.com\/index.php?rest_route=\/wp\/v2\/pages\/599","targetHints":{"allow":["GET"]}}],"collection":[{"href":"https:\/\/www.michaelvessereau.com\/index.php?rest_route=\/wp\/v2\/pages"}],"about":[{"href":"https:\/\/www.michaelvessereau.com\/index.php?rest_route=\/wp\/v2\/types\/page"}],"author":[{"embeddable":true,"href":"https:\/\/www.michaelvessereau.com\/index.php?rest_route=\/wp\/v2\/users\/1"}],"replies":[{"embeddable":true,"href":"https:\/\/www.michaelvessereau.com\/index.php?rest_route=%2Fwp%2Fv2%2Fcomments&post=599"}],"version-history":[{"count":49,"href":"https:\/\/www.michaelvessereau.com\/index.php?rest_route=\/wp\/v2\/pages\/599\/revisions"}],"predecessor-version":[{"id":873,"href":"https:\/\/www.michaelvessereau.com\/index.php?rest_route=\/wp\/v2\/pages\/599\/revisions\/873"}],"wp:attachment":[{"href":"https:\/\/www.michaelvessereau.com\/index.php?rest_route=%2Fwp%2Fv2%2Fmedia&parent=599"}],"curies":[{"name":"wp","href":"https:\/\/api.w.org\/{rel}","templated":true}]}}