{"id":557,"date":"2021-04-27T12:06:26","date_gmt":"2021-04-27T10:06:26","guid":{"rendered":"http:\/\/www.michaelvessereau.com\/?page_id=557"},"modified":"2021-04-27T12:06:26","modified_gmt":"2021-04-27T10:06:26","slug":"map","status":"publish","type":"page","link":"https:\/\/www.michaelvessereau.com\/?page_id=557","title":{"rendered":"Micha\u00ebl Vessereau: coach professionnel Certifi\u00e9"},"content":{"rendered":"<p>[wpgmza id=\u00a0\u00bb1&Prime;]<\/p>\n","protected":false},"excerpt":{"rendered":"<p>[wpgmza id=\u00a0\u00bb1&Prime;]<\/p>\n","protected":false},"author":1,"featured_media":0,"parent":0,"menu_order":0,"comment_status":"closed","ping_status":"closed","template":"","meta":{"footnotes":""},"class_list":["post-557","page","type-page","status-publish","hentry"],"yoast_head":"<!-- This site is optimized with the Yoast SEO plugin v26.8 - https:\/\/yoast.com\/product\/yoast-seo-wordpress\/ -->\n<title>Micha\u00ebl Vessereau: coach professionnel Certifi\u00e9 | Micha\u00ebl Vessereau<\/title>\n<meta name=\"description\" content=\"Artiste de cirque de formation. j&#039;exerce aujourd&#039;hui en tant que coach professionnel certifi\u00e9 en r\u00e9gion Sud - PACA et bouches du Rh\u00f4ne (13). J&#039;interviens dans le cadre de restructuration d&#039;\u00e9quipe et d&#039;optimisation de comp\u00e9tences. Je propose \u00e9galement des team building orient\u00e9 d\u00e9veloppement de la cr\u00e9ativit\u00e9.\" \/>\n<meta name=\"robots\" content=\"index, follow, max-snippet:-1, max-image-preview:large, max-video-preview:-1\" \/>\n<link rel=\"canonical\" href=\"https:\/\/www.michaelvessereau.com\/?page_id=557\" \/>\n<meta property=\"og:locale\" content=\"fr_FR\" \/>\n<meta property=\"og:type\" content=\"article\" \/>\n<meta property=\"og:title\" content=\"Micha\u00ebl Vessereau: coach professionnel Certifi\u00e9 | Micha\u00ebl Vessereau\" \/>\n<meta property=\"og:description\" content=\"Artiste de cirque de formation. j&#039;exerce aujourd&#039;hui en tant que coach professionnel certifi\u00e9 en r\u00e9gion Sud - PACA et bouches du Rh\u00f4ne (13). J&#039;interviens dans le cadre de restructuration d&#039;\u00e9quipe et d&#039;optimisation de comp\u00e9tences. Je propose \u00e9galement des team building orient\u00e9 d\u00e9veloppement de la cr\u00e9ativit\u00e9.\" \/>\n<meta property=\"og:url\" content=\"https:\/\/www.michaelvessereau.com\/?page_id=557\" \/>\n<meta property=\"og:site_name\" content=\"Micha\u00ebl Vessereau\" \/>\n<meta property=\"article:publisher\" content=\"https:\/\/www.facebook.com\/profile.php?id=100085022991971\" \/>\n<meta name=\"twitter:card\" content=\"summary_large_image\" \/>\n<script type=\"application\/ld+json\" class=\"yoast-schema-graph\">{\"@context\":\"https:\/\/schema.org\",\"@graph\":[{\"@type\":\"WebPage\",\"@id\":\"https:\/\/www.michaelvessereau.com\/?page_id=557\",\"url\":\"https:\/\/www.michaelvessereau.com\/?page_id=557\",\"name\":\"Micha\u00ebl Vessereau: coach professionnel Certifi\u00e9 | Micha\u00ebl Vessereau\",\"isPartOf\":{\"@id\":\"https:\/\/www.michaelvessereau.com\/#website\"},\"datePublished\":\"2021-04-27T10:06:26+00:00\",\"description\":\"Artiste de cirque de formation. j'exerce aujourd'hui en tant que coach professionnel certifi\u00e9 en r\u00e9gion Sud - PACA et bouches du Rh\u00f4ne (13). J'interviens dans le cadre de restructuration d'\u00e9quipe et d'optimisation de comp\u00e9tences. Je propose \u00e9galement des team building orient\u00e9 d\u00e9veloppement de la cr\u00e9ativit\u00e9.\",\"breadcrumb\":{\"@id\":\"https:\/\/www.michaelvessereau.com\/?page_id=557#breadcrumb\"},\"inLanguage\":\"fr-FR\",\"potentialAction\":[{\"@type\":\"ReadAction\",\"target\":[\"https:\/\/www.michaelvessereau.com\/?page_id=557\"]}]},{\"@type\":\"BreadcrumbList\",\"@id\":\"https:\/\/www.michaelvessereau.com\/?page_id=557#breadcrumb\",\"itemListElement\":[{\"@type\":\"ListItem\",\"position\":1,\"name\":\"Accueil\",\"item\":\"https:\/\/www.michaelvessereau.com\/\"},{\"@type\":\"ListItem\",\"position\":2,\"name\":\"Micha\u00ebl Vessereau: coach professionnel Certifi\u00e9\"}]},{\"@type\":\"WebSite\",\"@id\":\"https:\/\/www.michaelvessereau.com\/#website\",\"url\":\"https:\/\/www.michaelvessereau.com\/\",\"name\":\"Micha\u00ebl Vessereau\",\"description\":\"Magie Rapproch\u00e9e\",\"publisher\":{\"@id\":\"https:\/\/www.michaelvessereau.com\/#\/schema\/person\/c45276981c07f3fbd57b22d8ab7b67c0\"},\"potentialAction\":[{\"@type\":\"SearchAction\",\"target\":{\"@type\":\"EntryPoint\",\"urlTemplate\":\"https:\/\/www.michaelvessereau.com\/?s={search_term_string}\"},\"query-input\":{\"@type\":\"PropertyValueSpecification\",\"valueRequired\":true,\"valueName\":\"search_term_string\"}}],\"inLanguage\":\"fr-FR\"},{\"@type\":[\"Person\",\"Organization\"],\"@id\":\"https:\/\/www.michaelvessereau.com\/#\/schema\/person\/c45276981c07f3fbd57b22d8ab7b67c0\",\"name\":\"Micha\u00ebl Vessereau\",\"image\":{\"@type\":\"ImageObject\",\"inLanguage\":\"fr-FR\",\"@id\":\"https:\/\/www.michaelvessereau.com\/#\/schema\/person\/image\/\",\"url\":\"http:\/\/www.michaelvessereau.com\/wp-content\/uploads\/2020\/07\/entete-3-mika-1200x2000-online.jpg\",\"contentUrl\":\"http:\/\/www.michaelvessereau.com\/wp-content\/uploads\/2020\/07\/entete-3-mika-1200x2000-online.jpg\",\"width\":2000,\"height\":1200,\"caption\":\"Micha\u00ebl Vessereau\"},\"logo\":{\"@id\":\"https:\/\/www.michaelvessereau.com\/#\/schema\/person\/image\/\"},\"description\":\"Artiste de cirque, metteur en sc\u00e8ne, magicien. J'exerce en tant que Coach professionnel certifi\u00e9 ACTP \/ RNCP 6. J'exerce principalement en r\u00e9gion Sud - PACA et bouches du Rh\u00f4ne (13). Je porte une attention particuli\u00e8re au langage corporel et aux \u00e9motions. J'interviens \u00e9galement dans le cadre de structuration d'\u00e9quipes, de team building.\",\"sameAs\":[\"http:\/\/michaelvessereau.com\",\"https:\/\/www.facebook.com\/profile.php?id=100085022991971\",\"https:\/\/www.linkedin.com\/in\/michalvessereau\/\"]}]}<\/script>\n<!-- \/ Yoast SEO plugin. -->","yoast_head_json":{"title":"Micha\u00ebl Vessereau: coach professionnel Certifi\u00e9 | Micha\u00ebl Vessereau","description":"Artiste de cirque de formation. j'exerce aujourd'hui en tant que coach professionnel certifi\u00e9 en r\u00e9gion Sud - PACA et bouches du Rh\u00f4ne (13). J'interviens dans le cadre de restructuration d'\u00e9quipe et d'optimisation de comp\u00e9tences. Je propose \u00e9galement des team building orient\u00e9 d\u00e9veloppement de la cr\u00e9ativit\u00e9.","robots":{"index":"index","follow":"follow","max-snippet":"max-snippet:-1","max-image-preview":"max-image-preview:large","max-video-preview":"max-video-preview:-1"},"canonical":"https:\/\/www.michaelvessereau.com\/?page_id=557","og_locale":"fr_FR","og_type":"article","og_title":"Micha\u00ebl Vessereau: coach professionnel Certifi\u00e9 | Micha\u00ebl Vessereau","og_description":"Artiste de cirque de formation. j'exerce aujourd'hui en tant que coach professionnel certifi\u00e9 en r\u00e9gion Sud - PACA et bouches du Rh\u00f4ne (13). J'interviens dans le cadre de restructuration d'\u00e9quipe et d'optimisation de comp\u00e9tences. Je propose \u00e9galement des team building orient\u00e9 d\u00e9veloppement de la cr\u00e9ativit\u00e9.","og_url":"https:\/\/www.michaelvessereau.com\/?page_id=557","og_site_name":"Micha\u00ebl Vessereau","article_publisher":"https:\/\/www.facebook.com\/profile.php?id=100085022991971","twitter_card":"summary_large_image","schema":{"@context":"https:\/\/schema.org","@graph":[{"@type":"WebPage","@id":"https:\/\/www.michaelvessereau.com\/?page_id=557","url":"https:\/\/www.michaelvessereau.com\/?page_id=557","name":"Micha\u00ebl Vessereau: coach professionnel Certifi\u00e9 | Micha\u00ebl Vessereau","isPartOf":{"@id":"https:\/\/www.michaelvessereau.com\/#website"},"datePublished":"2021-04-27T10:06:26+00:00","description":"Artiste de cirque de formation. j'exerce aujourd'hui en tant que coach professionnel certifi\u00e9 en r\u00e9gion Sud - PACA et bouches du Rh\u00f4ne (13). J'interviens dans le cadre de restructuration d'\u00e9quipe et d'optimisation de comp\u00e9tences. Je propose \u00e9galement des team building orient\u00e9 d\u00e9veloppement de la cr\u00e9ativit\u00e9.","breadcrumb":{"@id":"https:\/\/www.michaelvessereau.com\/?page_id=557#breadcrumb"},"inLanguage":"fr-FR","potentialAction":[{"@type":"ReadAction","target":["https:\/\/www.michaelvessereau.com\/?page_id=557"]}]},{"@type":"BreadcrumbList","@id":"https:\/\/www.michaelvessereau.com\/?page_id=557#breadcrumb","itemListElement":[{"@type":"ListItem","position":1,"name":"Accueil","item":"https:\/\/www.michaelvessereau.com\/"},{"@type":"ListItem","position":2,"name":"Micha\u00ebl Vessereau: coach professionnel Certifi\u00e9"}]},{"@type":"WebSite","@id":"https:\/\/www.michaelvessereau.com\/#website","url":"https:\/\/www.michaelvessereau.com\/","name":"Micha\u00ebl Vessereau","description":"Magie Rapproch\u00e9e","publisher":{"@id":"https:\/\/www.michaelvessereau.com\/#\/schema\/person\/c45276981c07f3fbd57b22d8ab7b67c0"},"potentialAction":[{"@type":"SearchAction","target":{"@type":"EntryPoint","urlTemplate":"https:\/\/www.michaelvessereau.com\/?s={search_term_string}"},"query-input":{"@type":"PropertyValueSpecification","valueRequired":true,"valueName":"search_term_string"}}],"inLanguage":"fr-FR"},{"@type":["Person","Organization"],"@id":"https:\/\/www.michaelvessereau.com\/#\/schema\/person\/c45276981c07f3fbd57b22d8ab7b67c0","name":"Micha\u00ebl Vessereau","image":{"@type":"ImageObject","inLanguage":"fr-FR","@id":"https:\/\/www.michaelvessereau.com\/#\/schema\/person\/image\/","url":"http:\/\/www.michaelvessereau.com\/wp-content\/uploads\/2020\/07\/entete-3-mika-1200x2000-online.jpg","contentUrl":"http:\/\/www.michaelvessereau.com\/wp-content\/uploads\/2020\/07\/entete-3-mika-1200x2000-online.jpg","width":2000,"height":1200,"caption":"Micha\u00ebl Vessereau"},"logo":{"@id":"https:\/\/www.michaelvessereau.com\/#\/schema\/person\/image\/"},"description":"Artiste de cirque, metteur en sc\u00e8ne, magicien. J'exerce en tant que Coach professionnel certifi\u00e9 ACTP \/ RNCP 6. J'exerce principalement en r\u00e9gion Sud - PACA et bouches du Rh\u00f4ne (13). Je porte une attention particuli\u00e8re au langage corporel et aux \u00e9motions. J'interviens \u00e9galement dans le cadre de structuration d'\u00e9quipes, de team building.","sameAs":["http:\/\/michaelvessereau.com","https:\/\/www.facebook.com\/profile.php?id=100085022991971","https:\/\/www.linkedin.com\/in\/michalvessereau\/"]}]}},"_links":{"self":[{"href":"https:\/\/www.michaelvessereau.com\/index.php?rest_route=\/wp\/v2\/pages\/557","targetHints":{"allow":["GET"]}}],"collection":[{"href":"https:\/\/www.michaelvessereau.com\/index.php?rest_route=\/wp\/v2\/pages"}],"about":[{"href":"https:\/\/www.michaelvessereau.com\/index.php?rest_route=\/wp\/v2\/types\/page"}],"author":[{"embeddable":true,"href":"https:\/\/www.michaelvessereau.com\/index.php?rest_route=\/wp\/v2\/users\/1"}],"replies":[{"embeddable":true,"href":"https:\/\/www.michaelvessereau.com\/index.php?rest_route=%2Fwp%2Fv2%2Fcomments&post=557"}],"version-history":[{"count":0,"href":"https:\/\/www.michaelvessereau.com\/index.php?rest_route=\/wp\/v2\/pages\/557\/revisions"}],"wp:attachment":[{"href":"https:\/\/www.michaelvessereau.com\/index.php?rest_route=%2Fwp%2Fv2%2Fmedia&parent=557"}],"curies":[{"name":"wp","href":"https:\/\/api.w.org\/{rel}","templated":true}]}}