{"id":549,"date":"2021-04-27T09:54:22","date_gmt":"2021-04-27T07:54:22","guid":{"rendered":"http:\/\/www.michaelvessereau.com\/?page_id=549"},"modified":"2024-02-28T22:57:54","modified_gmt":"2024-02-28T21:57:54","slug":"mentions-legales","status":"publish","type":"page","link":"https:\/\/www.michaelvessereau.com\/?page_id=549","title":{"rendered":"Mentions L\u00e9gales"},"content":{"rendered":"\n<div class=\"wp-block-cover has-parallax is-light\" style=\"min-height:50px;aspect-ratio:unset;\"><span aria-hidden=\"true\" class=\"wp-block-cover__background has-background-dim\"><\/span><div role=\"img\" class=\"wp-block-cover__image-background wp-image-256 has-parallax\" style=\"background-position:50% 50%;background-image:url(http:\/\/www.michaelvessereau.com\/wp-content\/uploads\/2020\/07\/entete-3-mika-1200x2000-online.jpg)\"><\/div><div class=\"wp-block-cover__inner-container is-layout-flow wp-block-cover-is-layout-flow\">\n<p class=\"has-text-align-center has-large-font-size\">Mentions L\u00e9gales<\/p>\n<\/div><\/div>\n\n\n\n<h3 class=\"wp-block-heading\">\u00c9diteur<\/h3>\n\n\n\n<p style=\"font-size:15px\">&#8211; Micha\u00ebl Vessereau &#8211;<\/p>\n\n\n\n<p>SIRET: 879 636 587 00021 \/ APE: 9609Z  &#8211;  auto entreprise<\/p>\n\n\n\n<p style=\"font-size:15px\">T\u00e9l.: 06 95 83 00 53<\/p>\n\n\n\n<h3 class=\"wp-block-heading\">Directeur de la publication<\/h3>\n\n\n\n<p style=\"font-size:15px\">Micha\u00ebl Vessereau<\/p>\n\n\n\n<h3 class=\"wp-block-heading\">Graphisme<\/h3>\n\n\n\n<p style=\"font-size:15px\">Micha\u00ebl Vessereau<\/p>\n\n\n\n<h3 class=\"wp-block-heading\">H\u00e9bergement<\/h3>\n\n\n\n<p style=\"font-size:15px\">Kochka <\/p>\n\n\n\n<h2 class=\"wp-block-heading\">Cr\u00e9dits photographiques \u2013 Mentions l\u00e9gales<\/h2>\n\n\n\n<p style=\"font-size:15px\">Le contenu de ce site rel\u00e8ve de la l\u00e9gislation fran\u00e7aise sur le droit d\u2019auteur et la propri\u00e9t\u00e9 intellectuelle.<\/p>\n\n\n\n<p style=\"font-size:15px\">Nos mentions l\u00e9gales pr\u00e9cisent que tous les droits de reproduction sont r\u00e9serv\u00e9s, y compris les documents t\u00e9l\u00e9chargeables et les photographies.<\/p>\n\n\n\n<p>Toute reproduction de ce site est strictement interdite sans autorisation \u00e9crite pr\u00e9alable. Ceci quel qu\u2019en soit le format ou le support.<\/p>\n\n\n\n<p style=\"font-size:15px\">L\u2019adresse internet du site, <a href=\"https:\/\/www.michaelvessereau.com\" target=\"_blank\" rel=\"noreferrer noopener\">www.michaelvessereau.com<\/a>, suivie de la mention \u201cdroits r\u00e9serv\u00e9s&nbsp;\u201d devra appara\u00eetre sur toute reproduction avec autorisation \u00e9crite pr\u00e9alable.<br><mark><a href=\"http:\/\/www.magalibatbedat.com\/\" target=\"_blank\" rel=\"noreferrer noopener\">Barbara Buchman<\/a>n et Micha\u00ebl Vessereau<\/mark> signent les photos de ce site.<\/p>\n\n\n\n<p style=\"font-size:15px\">Les droits des photographies et vid\u00e9os pr\u00e9sent\u00e9es sur ce site sont la propri\u00e9t\u00e9 exclusive de Micha\u00ebl Vessereau.<\/p>\n\n\n\n<h2 class=\"wp-block-heading\">Port\u00e9e des informations<\/h2>\n\n\n\n<p style=\"font-size:15px\">Le but de ce site est de partager les informations relatives aux activit\u00e9s de coach professionnel certifi\u00e9 de Micha\u00ebl Vessereau.<\/p>\n\n\n\n<h2 class=\"wp-block-heading\">Responsabilit\u00e9<\/h2>\n\n\n\n<p style=\"font-size:15px\"><strong>Micha\u00ebl Vessereau<\/strong> met tout en \u0153uvre pour assurer l\u2019exactitude et la mise \u00e0 jour de l\u2019ensemble des informations fournies sur son site. N\u00e9anmoins, nous ne pouvons pas garantir que celles-ci soient toujours compl\u00e8tes et d\u00e9pourvues d\u2019erreurs.<\/p>\n\n\n\n<p style=\"font-size:15px\"><strong>Micha\u00ebl Vessereau<\/strong> se r\u00e9serve le droit de corriger ou de modifier, \u00e0 tout moment et sans pr\u00e9avis, le contenu de ce site. Toute tentative de transfert d\u2019information vers un site tiers ou de modification des informations contenues sur ce site est interdite. Cela peut entra\u00eener des poursuites civiles ou p\u00e9nales.<\/p>\n\n\n\n<p style=\"font-size:15px\">L&rsquo;\u00e9diteur ne pourra \u00eatre tenue responsable de l\u2019ensemble des liens hypertextes ou de tout autre \u00e9l\u00e9ment informatique utilis\u00e9, directement ou indirectement, \u00e0 partir du ce site, l\u2019existence d\u2019un lien n\u2019ayant pas pour effet de transf\u00e9rer la responsabilit\u00e9 de <strong>Micha\u00ebl Vessereau<\/strong>.<\/p>\n\n\n\n<p style=\"font-size:15px\">De m\u00eame, l&rsquo;\u00e9diteur ne garantit pas et ne prend aucun engagement concernant des sites tiers et ne sera pas responsable de leur contenu.<\/p>\n\n\n\n<p style=\"font-size:15px\">L&rsquo;\u00e9diteur ne peut pas garantir que le serveur accueillant ce site soit exempt de virus et que les fichiers accessibles par t\u00e9l\u00e9chargement soient d\u00e9pourvus de virus ou d\u2019erreurs de fonctionnement. Nous recommandons aux utilisateurs de prendre les mesures n\u00e9cessaires afin de prot\u00e9ger leur ordinateur. Des intrusions virales et des probl\u00e8mes techniques pourraient endommager les composants de l\u2019ordinateur ou des donn\u00e9es qui pourraient y \u00eatre stock\u00e9es.<\/p>\n\n\n\n<p style=\"font-size:15px\">En tout \u00e9tat de cause <strong>Micha\u00ebl Vessereau<\/strong> ne pourra \u00eatre responsable d\u2019un dommage quelconque pouvant se produire lors de la connexion et de la navigation sur le site.<\/p>\n\n\n\n<h2 class=\"wp-block-heading\">Protection des donn\u00e9es personnelles \u2022 Listes de diffusion \u2022 Informatique et libert\u00e9s<\/h2>\n\n\n\n<p style=\"font-size:15px\"><strong>Micha\u00ebl Vessereau<\/strong> collecte les informations suivantes uniquement afin de r\u00e9pondre aux sollicitations de ses clients. L&rsquo;\u00e9diteur ne partage en aucun cas les donn\u00e9es collect\u00e9es. Ceci suivant le code de d\u00e9ontologie et de pratique professionnelle d&rsquo;ICF.<\/p>\n\n\n\n<p style=\"font-size:15px\">&#8211; Formulaire de contact lors de demande de renseignements ou devis.<\/p>\n\n\n\n<p style=\"font-size:15px\">Vous disposez d\u2019un droit d\u2019acc\u00e8s, de modification, de rectification et de suppression des donn\u00e9es qui vous concernent (art. 34 de la loi \u201cInformatique et Libert\u00e9s\u201d du 6 janvier 1978). Pour l\u2019exercer, contactez <strong>Micha\u00ebl Vessereau<\/strong>: <a href=\"mailto:contact@michaelvessereau.com\" target=\"_blank\" rel=\"noreferrer noopener\">contact@michaelvessereau.com<\/a><\/p>\n","protected":false},"excerpt":{"rendered":"<p>\u00c9diteur &#8211; Micha\u00ebl Vessereau &#8211; SIRET: 879 636 587 00021 \/ APE: 9609Z &#8211; auto entreprise T\u00e9l.: 06 95 83 00 53 Directeur de la publication Micha\u00ebl Vessereau Graphisme Micha\u00ebl Vessereau H\u00e9bergement Kochka Cr\u00e9dits photographiques \u2013 Mentions l\u00e9gales Le contenu de ce site rel\u00e8ve de la l\u00e9gislation fran\u00e7aise sur le droit d\u2019auteur et la propri\u00e9t\u00e9 &hellip; <\/p>\n<p class=\"link-more\"><a href=\"https:\/\/www.michaelvessereau.com\/?page_id=549\" class=\"more-link\">Continuer la lecture<span class=\"screen-reader-text\"> de &laquo;&nbsp;Mentions L\u00e9gales&nbsp;&raquo;<\/span><\/a><\/p>\n","protected":false},"author":1,"featured_media":0,"parent":0,"menu_order":0,"comment_status":"closed","ping_status":"closed","template":"","meta":{"footnotes":""},"class_list":["post-549","page","type-page","status-publish","hentry"],"yoast_head":"<!-- This site is optimized with the Yoast SEO plugin v26.8 - https:\/\/yoast.com\/product\/yoast-seo-wordpress\/ -->\n<title>Mentions L\u00e9gales | Micha\u00ebl Vessereau | Informations l\u00e9gales<\/title>\n<meta name=\"description\" content=\"Mentions l\u00e9gales du site www.michaelvessereau.com - coach professionnel certifi\u00e9 dans les bouches du Rh\u00f4ne r\u00e9gion Sud \/ PACA. Adh\u00e9rent ICF.\" \/>\n<meta name=\"robots\" content=\"index, follow, max-snippet:-1, max-image-preview:large, max-video-preview:-1\" \/>\n<link rel=\"canonical\" href=\"https:\/\/www.michaelvessereau.com\/?page_id=549\" \/>\n<meta property=\"og:locale\" content=\"fr_FR\" \/>\n<meta property=\"og:type\" content=\"article\" \/>\n<meta property=\"og:title\" content=\"Mentions L\u00e9gales | Micha\u00ebl Vessereau | Informations l\u00e9gales\" \/>\n<meta property=\"og:description\" content=\"Mentions l\u00e9gales du site www.michaelvessereau.com - coach professionnel certifi\u00e9 dans les bouches du Rh\u00f4ne r\u00e9gion Sud \/ PACA. Adh\u00e9rent ICF.\" \/>\n<meta property=\"og:url\" content=\"https:\/\/www.michaelvessereau.com\/?page_id=549\" \/>\n<meta property=\"og:site_name\" content=\"Micha\u00ebl Vessereau\" \/>\n<meta property=\"article:publisher\" content=\"https:\/\/www.facebook.com\/profile.php?id=100085022991971\" \/>\n<meta property=\"article:modified_time\" content=\"2024-02-28T21:57:54+00:00\" \/>\n<meta name=\"twitter:card\" content=\"summary_large_image\" \/>\n<meta name=\"twitter:label1\" content=\"Dur\u00e9e de lecture estim\u00e9e\" \/>\n\t<meta name=\"twitter:data1\" content=\"3 minutes\" \/>\n<script type=\"application\/ld+json\" class=\"yoast-schema-graph\">{\"@context\":\"https:\/\/schema.org\",\"@graph\":[{\"@type\":\"WebPage\",\"@id\":\"https:\/\/www.michaelvessereau.com\/?page_id=549\",\"url\":\"https:\/\/www.michaelvessereau.com\/?page_id=549\",\"name\":\"Mentions L\u00e9gales | Micha\u00ebl Vessereau | Informations l\u00e9gales\",\"isPartOf\":{\"@id\":\"https:\/\/www.michaelvessereau.com\/#website\"},\"datePublished\":\"2021-04-27T07:54:22+00:00\",\"dateModified\":\"2024-02-28T21:57:54+00:00\",\"description\":\"Mentions l\u00e9gales du site www.michaelvessereau.com - coach professionnel certifi\u00e9 dans les bouches du Rh\u00f4ne r\u00e9gion Sud \/ PACA. Adh\u00e9rent ICF.\",\"breadcrumb\":{\"@id\":\"https:\/\/www.michaelvessereau.com\/?page_id=549#breadcrumb\"},\"inLanguage\":\"fr-FR\",\"potentialAction\":[{\"@type\":\"ReadAction\",\"target\":[\"https:\/\/www.michaelvessereau.com\/?page_id=549\"]}]},{\"@type\":\"BreadcrumbList\",\"@id\":\"https:\/\/www.michaelvessereau.com\/?page_id=549#breadcrumb\",\"itemListElement\":[{\"@type\":\"ListItem\",\"position\":1,\"name\":\"Accueil\",\"item\":\"https:\/\/www.michaelvessereau.com\/\"},{\"@type\":\"ListItem\",\"position\":2,\"name\":\"Mentions L\u00e9gales\"}]},{\"@type\":\"WebSite\",\"@id\":\"https:\/\/www.michaelvessereau.com\/#website\",\"url\":\"https:\/\/www.michaelvessereau.com\/\",\"name\":\"Micha\u00ebl Vessereau\",\"description\":\"Magie Rapproch\u00e9e\",\"publisher\":{\"@id\":\"https:\/\/www.michaelvessereau.com\/#\/schema\/person\/c45276981c07f3fbd57b22d8ab7b67c0\"},\"potentialAction\":[{\"@type\":\"SearchAction\",\"target\":{\"@type\":\"EntryPoint\",\"urlTemplate\":\"https:\/\/www.michaelvessereau.com\/?s={search_term_string}\"},\"query-input\":{\"@type\":\"PropertyValueSpecification\",\"valueRequired\":true,\"valueName\":\"search_term_string\"}}],\"inLanguage\":\"fr-FR\"},{\"@type\":[\"Person\",\"Organization\"],\"@id\":\"https:\/\/www.michaelvessereau.com\/#\/schema\/person\/c45276981c07f3fbd57b22d8ab7b67c0\",\"name\":\"Micha\u00ebl Vessereau\",\"image\":{\"@type\":\"ImageObject\",\"inLanguage\":\"fr-FR\",\"@id\":\"https:\/\/www.michaelvessereau.com\/#\/schema\/person\/image\/\",\"url\":\"http:\/\/www.michaelvessereau.com\/wp-content\/uploads\/2020\/07\/entete-3-mika-1200x2000-online.jpg\",\"contentUrl\":\"http:\/\/www.michaelvessereau.com\/wp-content\/uploads\/2020\/07\/entete-3-mika-1200x2000-online.jpg\",\"width\":2000,\"height\":1200,\"caption\":\"Micha\u00ebl Vessereau\"},\"logo\":{\"@id\":\"https:\/\/www.michaelvessereau.com\/#\/schema\/person\/image\/\"},\"description\":\"Artiste de cirque, metteur en sc\u00e8ne, magicien. J'exerce en tant que Coach professionnel certifi\u00e9 ACTP \/ RNCP 6. J'exerce principalement en r\u00e9gion Sud - PACA et bouches du Rh\u00f4ne (13). Je porte une attention particuli\u00e8re au langage corporel et aux \u00e9motions. J'interviens \u00e9galement dans le cadre de structuration d'\u00e9quipes, de team building.\",\"sameAs\":[\"http:\/\/michaelvessereau.com\",\"https:\/\/www.facebook.com\/profile.php?id=100085022991971\",\"https:\/\/www.linkedin.com\/in\/michalvessereau\/\"]}]}<\/script>\n<!-- \/ Yoast SEO plugin. -->","yoast_head_json":{"title":"Mentions L\u00e9gales | Micha\u00ebl Vessereau | Informations l\u00e9gales","description":"Mentions l\u00e9gales du site www.michaelvessereau.com - coach professionnel certifi\u00e9 dans les bouches du Rh\u00f4ne r\u00e9gion Sud \/ PACA. Adh\u00e9rent ICF.","robots":{"index":"index","follow":"follow","max-snippet":"max-snippet:-1","max-image-preview":"max-image-preview:large","max-video-preview":"max-video-preview:-1"},"canonical":"https:\/\/www.michaelvessereau.com\/?page_id=549","og_locale":"fr_FR","og_type":"article","og_title":"Mentions L\u00e9gales | Micha\u00ebl Vessereau | Informations l\u00e9gales","og_description":"Mentions l\u00e9gales du site www.michaelvessereau.com - coach professionnel certifi\u00e9 dans les bouches du Rh\u00f4ne r\u00e9gion Sud \/ PACA. Adh\u00e9rent ICF.","og_url":"https:\/\/www.michaelvessereau.com\/?page_id=549","og_site_name":"Micha\u00ebl Vessereau","article_publisher":"https:\/\/www.facebook.com\/profile.php?id=100085022991971","article_modified_time":"2024-02-28T21:57:54+00:00","twitter_card":"summary_large_image","twitter_misc":{"Dur\u00e9e de lecture estim\u00e9e":"3 minutes"},"schema":{"@context":"https:\/\/schema.org","@graph":[{"@type":"WebPage","@id":"https:\/\/www.michaelvessereau.com\/?page_id=549","url":"https:\/\/www.michaelvessereau.com\/?page_id=549","name":"Mentions L\u00e9gales | Micha\u00ebl Vessereau | Informations l\u00e9gales","isPartOf":{"@id":"https:\/\/www.michaelvessereau.com\/#website"},"datePublished":"2021-04-27T07:54:22+00:00","dateModified":"2024-02-28T21:57:54+00:00","description":"Mentions l\u00e9gales du site www.michaelvessereau.com - coach professionnel certifi\u00e9 dans les bouches du Rh\u00f4ne r\u00e9gion Sud \/ PACA. Adh\u00e9rent ICF.","breadcrumb":{"@id":"https:\/\/www.michaelvessereau.com\/?page_id=549#breadcrumb"},"inLanguage":"fr-FR","potentialAction":[{"@type":"ReadAction","target":["https:\/\/www.michaelvessereau.com\/?page_id=549"]}]},{"@type":"BreadcrumbList","@id":"https:\/\/www.michaelvessereau.com\/?page_id=549#breadcrumb","itemListElement":[{"@type":"ListItem","position":1,"name":"Accueil","item":"https:\/\/www.michaelvessereau.com\/"},{"@type":"ListItem","position":2,"name":"Mentions L\u00e9gales"}]},{"@type":"WebSite","@id":"https:\/\/www.michaelvessereau.com\/#website","url":"https:\/\/www.michaelvessereau.com\/","name":"Micha\u00ebl Vessereau","description":"Magie Rapproch\u00e9e","publisher":{"@id":"https:\/\/www.michaelvessereau.com\/#\/schema\/person\/c45276981c07f3fbd57b22d8ab7b67c0"},"potentialAction":[{"@type":"SearchAction","target":{"@type":"EntryPoint","urlTemplate":"https:\/\/www.michaelvessereau.com\/?s={search_term_string}"},"query-input":{"@type":"PropertyValueSpecification","valueRequired":true,"valueName":"search_term_string"}}],"inLanguage":"fr-FR"},{"@type":["Person","Organization"],"@id":"https:\/\/www.michaelvessereau.com\/#\/schema\/person\/c45276981c07f3fbd57b22d8ab7b67c0","name":"Micha\u00ebl Vessereau","image":{"@type":"ImageObject","inLanguage":"fr-FR","@id":"https:\/\/www.michaelvessereau.com\/#\/schema\/person\/image\/","url":"http:\/\/www.michaelvessereau.com\/wp-content\/uploads\/2020\/07\/entete-3-mika-1200x2000-online.jpg","contentUrl":"http:\/\/www.michaelvessereau.com\/wp-content\/uploads\/2020\/07\/entete-3-mika-1200x2000-online.jpg","width":2000,"height":1200,"caption":"Micha\u00ebl Vessereau"},"logo":{"@id":"https:\/\/www.michaelvessereau.com\/#\/schema\/person\/image\/"},"description":"Artiste de cirque, metteur en sc\u00e8ne, magicien. J'exerce en tant que Coach professionnel certifi\u00e9 ACTP \/ RNCP 6. J'exerce principalement en r\u00e9gion Sud - PACA et bouches du Rh\u00f4ne (13). Je porte une attention particuli\u00e8re au langage corporel et aux \u00e9motions. J'interviens \u00e9galement dans le cadre de structuration d'\u00e9quipes, de team building.","sameAs":["http:\/\/michaelvessereau.com","https:\/\/www.facebook.com\/profile.php?id=100085022991971","https:\/\/www.linkedin.com\/in\/michalvessereau\/"]}]}},"_links":{"self":[{"href":"https:\/\/www.michaelvessereau.com\/index.php?rest_route=\/wp\/v2\/pages\/549","targetHints":{"allow":["GET"]}}],"collection":[{"href":"https:\/\/www.michaelvessereau.com\/index.php?rest_route=\/wp\/v2\/pages"}],"about":[{"href":"https:\/\/www.michaelvessereau.com\/index.php?rest_route=\/wp\/v2\/types\/page"}],"author":[{"embeddable":true,"href":"https:\/\/www.michaelvessereau.com\/index.php?rest_route=\/wp\/v2\/users\/1"}],"replies":[{"embeddable":true,"href":"https:\/\/www.michaelvessereau.com\/index.php?rest_route=%2Fwp%2Fv2%2Fcomments&post=549"}],"version-history":[{"count":8,"href":"https:\/\/www.michaelvessereau.com\/index.php?rest_route=\/wp\/v2\/pages\/549\/revisions"}],"predecessor-version":[{"id":742,"href":"https:\/\/www.michaelvessereau.com\/index.php?rest_route=\/wp\/v2\/pages\/549\/revisions\/742"}],"wp:attachment":[{"href":"https:\/\/www.michaelvessereau.com\/index.php?rest_route=%2Fwp%2Fv2%2Fmedia&parent=549"}],"curies":[{"name":"wp","href":"https:\/\/api.w.org\/{rel}","templated":true}]}}