{"id":371,"date":"2021-03-13T19:13:18","date_gmt":"2021-03-13T18:13:18","guid":{"rendered":"http:\/\/www.michaelvessereau.com\/?page_id=371"},"modified":"2022-04-25T21:43:29","modified_gmt":"2022-04-25T19:43:29","slug":"comment-faire-un-coaching","status":"publish","type":"page","link":"https:\/\/www.michaelvessereau.com\/?page_id=371","title":{"rendered":"Le \u00ab\u00a0comment\u00a0\u00bb"},"content":{"rendered":"\n<h2 class=\"wp-block-heading\">I &#8211; Le cadre<\/h2>\n\n\n\n<p class=\"has-drop-cap\" style=\"font-size:15px\">Un premier entretien de cadrage permet de faire \u00e9merger les enjeux et les objectifs du coaching. Il permet \u00e9galement d\u2019identifier les r\u00f4les de chacun et les attentes du coach\u00e9, du commanditaire et des autres acteurs possibles.<\/p>\n\n\n\n<p style=\"font-size:15px\">Avant cet entretien, il vous sera demand\u00e9 de lire et d\u2019adh\u00e9rer au <a href=\"https:\/\/www.coachfederation.fr\/comites\/comite-deontologique\/code-deontologique-icf\/\" target=\"_blank\" rel=\"noreferrer noopener\">code de d\u00e9ontologie<\/a> auquel je me r\u00e9f\u00e8re. Puis nous d\u00e9finirons ensemble les modalit\u00e9s de mon intervention (dur\u00e9e, lieu, co\u00fbt). Enfin je vous remettrai une proposition de contrat ainsi qu\u2019un devis.<\/p>\n\n\n\n<h2 class=\"wp-block-heading\">2 &#8211; L\u2019\u00e9thique<\/h2>\n\n\n\n<p style=\"font-size:15px\">&#8211; En tant que <a href=\"http:\/\/www.michaelvessereau.com\/\" target=\"_blank\" rel=\"noreferrer noopener\">coach professionnel certifi\u00e9<\/a>, je suis garant du processus ainsi que de mon engagement . Je ne suis en aucun cas responsable des r\u00e9sultats.<\/p>\n\n\n\n<p style=\"font-size:15px\">&#8211; Ma posture est bienveillante. Mon \u00e9coute est attentive. J\u2019accompagne le cheminement du coach\u00e9 sans pr\u00e9-concevoir de l\u2019issue.<\/p>\n\n\n\n<p style=\"font-size:15px\">&#8211; le cadre, le processus et le contenu du coaching sont confidentiels. De m\u00eame, rien de ce qui se passe en s\u00e9ance ne peut \u00eatre divulgu\u00e9 sans le consentement total du coach\u00e9.<\/p>\n\n\n\n<p style=\"font-size:15px\">&#8211; Le coach\u00e9 est libre de poursuivre ou d\u2019arr\u00eater le coaching \u00e0 n\u2019importe quel moment.<\/p>\n\n\n\n<h2 class=\"wp-block-heading\">3 &#8211; Le d\u00e9roulement du coaching<\/h2>\n\n\n\n<div class=\"wp-block-media-text alignwide is-stacked-on-mobile is-vertically-aligned-center\" style=\"grid-template-columns:34% auto\"><figure class=\"wp-block-media-text__media\"><img loading=\"lazy\" decoding=\"async\" width=\"368\" height=\"608\" src=\"http:\/\/www.michaelvessereau.com\/wp-content\/uploads\/2021\/04\/engrenages.png\" alt=\"Comment faire un coaching: l'alliance est la juste distance\" class=\"wp-image-546 size-full\"\/><\/figure><div class=\"wp-block-media-text__content\">\n<p style=\"font-size:15px\">A l&rsquo;issue de l\u2019entretien pr\u00e9alable, nous programmerons une s\u00e9ance z\u00e9ro. Ceci permettra au coach\u00e9 de clarifier une nouvelle fois ses enjeux et s\u2019assurer de ses objectifs. Nous reprenons ensemble le contrat et nous assurons de sa coh\u00e9rence. <\/p>\n\n\n\n<p style=\"font-size:15px\">Cette s\u00e9ance permet \u00e9galement de s\u2019assurer de la bonne entente entre le coach et le coach\u00e9: l&rsquo;alliance. L&rsquo;alliance se compose de la juste distance qui permet le cheminement de la pens\u00e9e et du respect sans complaisance qui permet la progression. <\/p>\n\n\n\n<p style=\"font-size:15px\">Comme les engrenages d&rsquo;un syst\u00e8me, l&rsquo;alliance est le jeu n\u00e9cessaire qui permet au syst\u00e8me de fonctionner sans se gripper ni se d\u00e9membrer.<\/p>\n<\/div><\/div>\n\n\n\n<p style=\"font-size:15px\">&#8211; Un coaching classique comprend entre 6 et 10 s\u00e9ances. Chaque s\u00e9ance d\u00e9bute par l\u2019\u00e9tablissement d\u2019un contrat de s\u00e9ance qui permet de d\u00e9finir les objectifs de la s\u00e9ance en cours. D\u00e8s l\u2019\u00e9tablissement de ce contrat, le coach\u00e9 \u00e9labore un cheminement gr\u00e2ce aux questions et \u00e0 l\u2019accompagnement du coach.<\/p>\n\n\n\n<p style=\"font-size:15px\">\u00c0 la fin de chaque s\u00e9ance, le coach\u00e9 d\u00e9briefe et envisage des actions permettant la r\u00e9alisation de son objectif.<\/p>\n\n\n\n<p style=\"font-size:15px\">Une derni\u00e8re s\u00e9ance de cl\u00f4ture aura lieu en pr\u00e9sence du commanditaire. Il appartiendra au coach\u00e9 d\u2019exposer les apprentissages qui lui semblent coh\u00e9rent au regard du contrat initial. Enfin il reviendra au coach\u00e9 et \u00e0 sa hi\u00e9rarchie de faire fructifier les apports du coaching et de les rendre op\u00e9rationnels.<\/p>\n\n\n\n<div class=\"wp-block-image\"><figure class=\"aligncenter size-large\"><img loading=\"lazy\" decoding=\"async\" width=\"948\" height=\"148\" src=\"http:\/\/www.michaelvessereau.com\/wp-content\/uploads\/2021\/05\/logos-divers-2.png\" alt=\"comment faire un coaching: logos ICF et activision\" class=\"wp-image-560\"\/><\/figure><\/div>\n\n\n\n<p><\/p>\n","protected":false},"excerpt":{"rendered":"<p>I &#8211; Le cadre Un premier entretien de cadrage permet de faire \u00e9merger les enjeux et les objectifs du coaching. Il permet \u00e9galement d\u2019identifier les r\u00f4les de chacun et les attentes du coach\u00e9, du commanditaire et des autres acteurs possibles. Avant cet entretien, il vous sera demand\u00e9 de lire et d\u2019adh\u00e9rer au code de d\u00e9ontologie &hellip; <\/p>\n<p class=\"link-more\"><a href=\"https:\/\/www.michaelvessereau.com\/?page_id=371\" class=\"more-link\">Continuer la lecture<span class=\"screen-reader-text\"> de &laquo;&nbsp;Le \u00ab\u00a0comment\u00a0\u00bb&nbsp;&raquo;<\/span><\/a><\/p>\n","protected":false},"author":1,"featured_media":0,"parent":0,"menu_order":0,"comment_status":"closed","ping_status":"closed","template":"","meta":{"footnotes":""},"class_list":["post-371","page","type-page","status-publish","hentry"],"yoast_head":"<!-- This site is optimized with the Yoast SEO plugin v26.8 - https:\/\/yoast.com\/product\/yoast-seo-wordpress\/ -->\n<title>comment faire un coaching | Micha\u00ebl Vessereau |<\/title>\n<meta name=\"description\" content=\"comment faire un coaching: Le cadre, l&#039;\u00e9thique et le d\u00e9roulement des s\u00e9ances. Garants de la s\u00e9curit\u00e9 et de la relation coach - coach\u00e9\" \/>\n<meta name=\"robots\" content=\"index, follow, max-snippet:-1, max-image-preview:large, max-video-preview:-1\" \/>\n<link rel=\"canonical\" href=\"https:\/\/www.michaelvessereau.com\/?page_id=371\" \/>\n<meta property=\"og:locale\" content=\"fr_FR\" \/>\n<meta property=\"og:type\" content=\"article\" \/>\n<meta property=\"og:title\" content=\"comment faire un coaching | Micha\u00ebl Vessereau |\" \/>\n<meta property=\"og:description\" content=\"comment faire un coaching: Le cadre, l&#039;\u00e9thique et le d\u00e9roulement des s\u00e9ances. Garants de la s\u00e9curit\u00e9 et de la relation coach - coach\u00e9\" \/>\n<meta property=\"og:url\" content=\"https:\/\/www.michaelvessereau.com\/?page_id=371\" \/>\n<meta property=\"og:site_name\" content=\"Micha\u00ebl Vessereau\" \/>\n<meta property=\"article:publisher\" content=\"https:\/\/www.facebook.com\/profile.php?id=100085022991971\" \/>\n<meta property=\"article:modified_time\" content=\"2022-04-25T19:43:29+00:00\" \/>\n<meta property=\"og:image\" content=\"http:\/\/www.michaelvessereau.com\/wp-content\/uploads\/2021\/04\/engrenages.png\" \/>\n<meta name=\"twitter:card\" content=\"summary_large_image\" \/>\n<meta name=\"twitter:label1\" content=\"Dur\u00e9e de lecture estim\u00e9e\" \/>\n\t<meta name=\"twitter:data1\" content=\"3 minutes\" \/>\n<script type=\"application\/ld+json\" class=\"yoast-schema-graph\">{\"@context\":\"https:\/\/schema.org\",\"@graph\":[{\"@type\":\"WebPage\",\"@id\":\"https:\/\/www.michaelvessereau.com\/?page_id=371\",\"url\":\"https:\/\/www.michaelvessereau.com\/?page_id=371\",\"name\":\"comment faire un coaching | Micha\u00ebl Vessereau |\",\"isPartOf\":{\"@id\":\"https:\/\/www.michaelvessereau.com\/#website\"},\"primaryImageOfPage\":{\"@id\":\"https:\/\/www.michaelvessereau.com\/?page_id=371#primaryimage\"},\"image\":{\"@id\":\"https:\/\/www.michaelvessereau.com\/?page_id=371#primaryimage\"},\"thumbnailUrl\":\"http:\/\/www.michaelvessereau.com\/wp-content\/uploads\/2021\/04\/engrenages.png\",\"datePublished\":\"2021-03-13T18:13:18+00:00\",\"dateModified\":\"2022-04-25T19:43:29+00:00\",\"description\":\"comment faire un coaching: Le cadre, l'\u00e9thique et le d\u00e9roulement des s\u00e9ances. Garants de la s\u00e9curit\u00e9 et de la relation coach - coach\u00e9\",\"breadcrumb\":{\"@id\":\"https:\/\/www.michaelvessereau.com\/?page_id=371#breadcrumb\"},\"inLanguage\":\"fr-FR\",\"potentialAction\":[{\"@type\":\"ReadAction\",\"target\":[\"https:\/\/www.michaelvessereau.com\/?page_id=371\"]}]},{\"@type\":\"ImageObject\",\"inLanguage\":\"fr-FR\",\"@id\":\"https:\/\/www.michaelvessereau.com\/?page_id=371#primaryimage\",\"url\":\"https:\/\/www.michaelvessereau.com\/wp-content\/uploads\/2021\/04\/engrenages.png\",\"contentUrl\":\"https:\/\/www.michaelvessereau.com\/wp-content\/uploads\/2021\/04\/engrenages.png\",\"width\":368,\"height\":608},{\"@type\":\"BreadcrumbList\",\"@id\":\"https:\/\/www.michaelvessereau.com\/?page_id=371#breadcrumb\",\"itemListElement\":[{\"@type\":\"ListItem\",\"position\":1,\"name\":\"Accueil\",\"item\":\"https:\/\/www.michaelvessereau.com\/\"},{\"@type\":\"ListItem\",\"position\":2,\"name\":\"Le \u00ab\u00a0comment\u00a0\u00bb\"}]},{\"@type\":\"WebSite\",\"@id\":\"https:\/\/www.michaelvessereau.com\/#website\",\"url\":\"https:\/\/www.michaelvessereau.com\/\",\"name\":\"Micha\u00ebl Vessereau\",\"description\":\"Magie Rapproch\u00e9e\",\"publisher\":{\"@id\":\"https:\/\/www.michaelvessereau.com\/#\/schema\/person\/c45276981c07f3fbd57b22d8ab7b67c0\"},\"potentialAction\":[{\"@type\":\"SearchAction\",\"target\":{\"@type\":\"EntryPoint\",\"urlTemplate\":\"https:\/\/www.michaelvessereau.com\/?s={search_term_string}\"},\"query-input\":{\"@type\":\"PropertyValueSpecification\",\"valueRequired\":true,\"valueName\":\"search_term_string\"}}],\"inLanguage\":\"fr-FR\"},{\"@type\":[\"Person\",\"Organization\"],\"@id\":\"https:\/\/www.michaelvessereau.com\/#\/schema\/person\/c45276981c07f3fbd57b22d8ab7b67c0\",\"name\":\"Micha\u00ebl Vessereau\",\"image\":{\"@type\":\"ImageObject\",\"inLanguage\":\"fr-FR\",\"@id\":\"https:\/\/www.michaelvessereau.com\/#\/schema\/person\/image\/\",\"url\":\"http:\/\/www.michaelvessereau.com\/wp-content\/uploads\/2020\/07\/entete-3-mika-1200x2000-online.jpg\",\"contentUrl\":\"http:\/\/www.michaelvessereau.com\/wp-content\/uploads\/2020\/07\/entete-3-mika-1200x2000-online.jpg\",\"width\":2000,\"height\":1200,\"caption\":\"Micha\u00ebl Vessereau\"},\"logo\":{\"@id\":\"https:\/\/www.michaelvessereau.com\/#\/schema\/person\/image\/\"},\"description\":\"Artiste de cirque, metteur en sc\u00e8ne, magicien. J'exerce en tant que Coach professionnel certifi\u00e9 ACTP \/ RNCP 6. J'exerce principalement en r\u00e9gion Sud - PACA et bouches du Rh\u00f4ne (13). Je porte une attention particuli\u00e8re au langage corporel et aux \u00e9motions. J'interviens \u00e9galement dans le cadre de structuration d'\u00e9quipes, de team building.\",\"sameAs\":[\"http:\/\/michaelvessereau.com\",\"https:\/\/www.facebook.com\/profile.php?id=100085022991971\",\"https:\/\/www.linkedin.com\/in\/michalvessereau\/\"]}]}<\/script>\n<!-- \/ Yoast SEO plugin. -->","yoast_head_json":{"title":"comment faire un coaching | Micha\u00ebl Vessereau |","description":"comment faire un coaching: Le cadre, l'\u00e9thique et le d\u00e9roulement des s\u00e9ances. Garants de la s\u00e9curit\u00e9 et de la relation coach - coach\u00e9","robots":{"index":"index","follow":"follow","max-snippet":"max-snippet:-1","max-image-preview":"max-image-preview:large","max-video-preview":"max-video-preview:-1"},"canonical":"https:\/\/www.michaelvessereau.com\/?page_id=371","og_locale":"fr_FR","og_type":"article","og_title":"comment faire un coaching | Micha\u00ebl Vessereau |","og_description":"comment faire un coaching: Le cadre, l'\u00e9thique et le d\u00e9roulement des s\u00e9ances. Garants de la s\u00e9curit\u00e9 et de la relation coach - coach\u00e9","og_url":"https:\/\/www.michaelvessereau.com\/?page_id=371","og_site_name":"Micha\u00ebl Vessereau","article_publisher":"https:\/\/www.facebook.com\/profile.php?id=100085022991971","article_modified_time":"2022-04-25T19:43:29+00:00","og_image":[{"url":"http:\/\/www.michaelvessereau.com\/wp-content\/uploads\/2021\/04\/engrenages.png","type":"","width":"","height":""}],"twitter_card":"summary_large_image","twitter_misc":{"Dur\u00e9e de lecture estim\u00e9e":"3 minutes"},"schema":{"@context":"https:\/\/schema.org","@graph":[{"@type":"WebPage","@id":"https:\/\/www.michaelvessereau.com\/?page_id=371","url":"https:\/\/www.michaelvessereau.com\/?page_id=371","name":"comment faire un coaching | Micha\u00ebl Vessereau |","isPartOf":{"@id":"https:\/\/www.michaelvessereau.com\/#website"},"primaryImageOfPage":{"@id":"https:\/\/www.michaelvessereau.com\/?page_id=371#primaryimage"},"image":{"@id":"https:\/\/www.michaelvessereau.com\/?page_id=371#primaryimage"},"thumbnailUrl":"http:\/\/www.michaelvessereau.com\/wp-content\/uploads\/2021\/04\/engrenages.png","datePublished":"2021-03-13T18:13:18+00:00","dateModified":"2022-04-25T19:43:29+00:00","description":"comment faire un coaching: Le cadre, l'\u00e9thique et le d\u00e9roulement des s\u00e9ances. Garants de la s\u00e9curit\u00e9 et de la relation coach - coach\u00e9","breadcrumb":{"@id":"https:\/\/www.michaelvessereau.com\/?page_id=371#breadcrumb"},"inLanguage":"fr-FR","potentialAction":[{"@type":"ReadAction","target":["https:\/\/www.michaelvessereau.com\/?page_id=371"]}]},{"@type":"ImageObject","inLanguage":"fr-FR","@id":"https:\/\/www.michaelvessereau.com\/?page_id=371#primaryimage","url":"https:\/\/www.michaelvessereau.com\/wp-content\/uploads\/2021\/04\/engrenages.png","contentUrl":"https:\/\/www.michaelvessereau.com\/wp-content\/uploads\/2021\/04\/engrenages.png","width":368,"height":608},{"@type":"BreadcrumbList","@id":"https:\/\/www.michaelvessereau.com\/?page_id=371#breadcrumb","itemListElement":[{"@type":"ListItem","position":1,"name":"Accueil","item":"https:\/\/www.michaelvessereau.com\/"},{"@type":"ListItem","position":2,"name":"Le \u00ab\u00a0comment\u00a0\u00bb"}]},{"@type":"WebSite","@id":"https:\/\/www.michaelvessereau.com\/#website","url":"https:\/\/www.michaelvessereau.com\/","name":"Micha\u00ebl Vessereau","description":"Magie Rapproch\u00e9e","publisher":{"@id":"https:\/\/www.michaelvessereau.com\/#\/schema\/person\/c45276981c07f3fbd57b22d8ab7b67c0"},"potentialAction":[{"@type":"SearchAction","target":{"@type":"EntryPoint","urlTemplate":"https:\/\/www.michaelvessereau.com\/?s={search_term_string}"},"query-input":{"@type":"PropertyValueSpecification","valueRequired":true,"valueName":"search_term_string"}}],"inLanguage":"fr-FR"},{"@type":["Person","Organization"],"@id":"https:\/\/www.michaelvessereau.com\/#\/schema\/person\/c45276981c07f3fbd57b22d8ab7b67c0","name":"Micha\u00ebl Vessereau","image":{"@type":"ImageObject","inLanguage":"fr-FR","@id":"https:\/\/www.michaelvessereau.com\/#\/schema\/person\/image\/","url":"http:\/\/www.michaelvessereau.com\/wp-content\/uploads\/2020\/07\/entete-3-mika-1200x2000-online.jpg","contentUrl":"http:\/\/www.michaelvessereau.com\/wp-content\/uploads\/2020\/07\/entete-3-mika-1200x2000-online.jpg","width":2000,"height":1200,"caption":"Micha\u00ebl Vessereau"},"logo":{"@id":"https:\/\/www.michaelvessereau.com\/#\/schema\/person\/image\/"},"description":"Artiste de cirque, metteur en sc\u00e8ne, magicien. J'exerce en tant que Coach professionnel certifi\u00e9 ACTP \/ RNCP 6. J'exerce principalement en r\u00e9gion Sud - PACA et bouches du Rh\u00f4ne (13). Je porte une attention particuli\u00e8re au langage corporel et aux \u00e9motions. J'interviens \u00e9galement dans le cadre de structuration d'\u00e9quipes, de team building.","sameAs":["http:\/\/michaelvessereau.com","https:\/\/www.facebook.com\/profile.php?id=100085022991971","https:\/\/www.linkedin.com\/in\/michalvessereau\/"]}]}},"_links":{"self":[{"href":"https:\/\/www.michaelvessereau.com\/index.php?rest_route=\/wp\/v2\/pages\/371","targetHints":{"allow":["GET"]}}],"collection":[{"href":"https:\/\/www.michaelvessereau.com\/index.php?rest_route=\/wp\/v2\/pages"}],"about":[{"href":"https:\/\/www.michaelvessereau.com\/index.php?rest_route=\/wp\/v2\/types\/page"}],"author":[{"embeddable":true,"href":"https:\/\/www.michaelvessereau.com\/index.php?rest_route=\/wp\/v2\/users\/1"}],"replies":[{"embeddable":true,"href":"https:\/\/www.michaelvessereau.com\/index.php?rest_route=%2Fwp%2Fv2%2Fcomments&post=371"}],"version-history":[{"count":18,"href":"https:\/\/www.michaelvessereau.com\/index.php?rest_route=\/wp\/v2\/pages\/371\/revisions"}],"predecessor-version":[{"id":622,"href":"https:\/\/www.michaelvessereau.com\/index.php?rest_route=\/wp\/v2\/pages\/371\/revisions\/622"}],"wp:attachment":[{"href":"https:\/\/www.michaelvessereau.com\/index.php?rest_route=%2Fwp%2Fv2%2Fmedia&parent=371"}],"curies":[{"name":"wp","href":"https:\/\/api.w.org\/{rel}","templated":true}]}}