{"id":156,"date":"2019-06-11T12:22:57","date_gmt":"2019-06-11T10:22:57","guid":{"rendered":"http:\/\/www.michaelvessereau.com\/?page_id=156"},"modified":"2024-10-03T13:13:34","modified_gmt":"2024-10-03T11:13:34","slug":"accompagnements-artistiques-arts-du-cirque","status":"publish","type":"page","link":"https:\/\/www.michaelvessereau.com\/?page_id=156","title":{"rendered":"Accompagnements artistiques"},"content":{"rendered":"\n<p class=\"has-drop-cap\" style=\"font-size:15px\">Je con\u00e7ois et r\u00e9alise des accompagnements artistiques aupr\u00e8s de futurs artistes dans le cadre de leur formation professionnelle. Je propose une approche p\u00e9dagogique globale reliant l&rsquo; \u00ab\u00a0<strong><mark style=\"background-color:rgba(0, 0, 0, 0)\" class=\"has-inline-color has-vivid-red-color\">\u00eatre<\/mark><\/strong>\u00a0\u00bb et le \u00ab\u00a0<strong><mark style=\"background-color:rgba(0, 0, 0, 0)\" class=\"has-inline-color has-vivid-red-color\">faire<\/mark><\/strong>\u00a0\u00bb .<\/p>\n\n\n\n<p style=\"font-size:15px\">J&rsquo;accompagne \u00e9galement des \u00e9quipes d&rsquo;artistes professionnels dans leur d\u00e9veloppement. <\/p>\n\n\n\n<p style=\"font-size:15px\">Enfin j&rsquo;interviens dans les secteurs du social, de l&rsquo;\u00e9ducatif et de l&rsquo;entrepreneuriat.<\/p>\n\n\n\n<div class=\"wp-block-media-text alignwide is-stacked-on-mobile\"><figure class=\"wp-block-media-text__media\"><img loading=\"lazy\" decoding=\"async\" width=\"900\" height=\"600\" src=\"http:\/\/www.michaelvessereau.com\/wp-content\/uploads\/2019\/05\/mises-en-sc\u00e8ne-2.jpg\" alt=\"accompagnements artistiques et d\u00e9veloppement cr\u00e9atif\" class=\"wp-image-94 size-full\" srcset=\"https:\/\/www.michaelvessereau.com\/wp-content\/uploads\/2019\/05\/mises-en-sc\u00e8ne-2.jpg 900w, https:\/\/www.michaelvessereau.com\/wp-content\/uploads\/2019\/05\/mises-en-sc\u00e8ne-2-300x200.jpg 300w, https:\/\/www.michaelvessereau.com\/wp-content\/uploads\/2019\/05\/mises-en-sc\u00e8ne-2-768x512.jpg 768w\" sizes=\"auto, (max-width: 767px) 89vw, (max-width: 1000px) 54vw, (max-width: 1071px) 543px, 580px\" \/><\/figure><div class=\"wp-block-media-text__content\">\n<p style=\"font-size:15px\">A mon sens, l&rsquo;artiste de cirque est un com\u00e9dien du risque et de l&rsquo;instant. Un de ses imp\u00e9ratifs est de d\u00e9velopper son adaptabilit\u00e9, son agilit\u00e9. C&rsquo;est encore plus vrai \u00e0 l&rsquo;\u00e9chelle de sa carri\u00e8re professionnelle souvent jalonn\u00e9e de projets tr\u00e8s h\u00e9t\u00e9roclites.<\/p>\n<\/div><\/div>\n\n\n\n<p style=\"font-size:15px\">Par mon accompagnement, je tente d&rsquo;amener l&rsquo;artiste \u00e0 consid\u00e9rer son agr\u00e8s comme un partenaire de jeu.<\/p>\n\n\n\n<p style=\"font-size:15px\">J&rsquo;invite l&rsquo;artiste \u00e0 se questionner sur sa place d\u2019interpr\u00e8te &#8211; cr\u00e9ateur ind\u00e9pendamment de son agr\u00e8s ou de sa discipline. <\/p>\n\n\n\n<p style=\"font-size:15px\">Pour cela j&rsquo;utilise des outils p\u00e9dagogiques de lecture corporelle (<a href=\"http:\/\/analysedumouvement.fr\/static7\/danse\" target=\"_blank\" rel=\"noreferrer noopener\">AFCMD<\/a>), de d\u00e9veloppement cr\u00e9atif. Je tente de placer l&rsquo;apprenant au centre de son apprentissage.<\/p>\n\n\n\n<p style=\"font-size:15px\"><a href=\"http:\/\/www.michaelvessereau.com\/\">Mon parcours artistique <\/a>et mon go\u00fbt de la transmission me permettent d&rsquo;amalgamer des approches p\u00e9dagogiques tir\u00e9es de l&rsquo;art du clown, de la danse contemporaine, de l&rsquo;art th\u00e9\u00e2tral.<\/p>\n","protected":false},"excerpt":{"rendered":"<p>Je con\u00e7ois et r\u00e9alise des accompagnements artistiques aupr\u00e8s de futurs artistes dans le cadre de leur formation professionnelle. Je propose une approche p\u00e9dagogique globale reliant l&rsquo; \u00ab\u00a0\u00eatre\u00a0\u00bb et le \u00ab\u00a0faire\u00a0\u00bb . J&rsquo;accompagne \u00e9galement des \u00e9quipes d&rsquo;artistes professionnels dans leur d\u00e9veloppement. Enfin j&rsquo;interviens dans les secteurs du social, de l&rsquo;\u00e9ducatif et de l&rsquo;entrepreneuriat. A mon sens, &hellip; <\/p>\n<p class=\"link-more\"><a href=\"https:\/\/www.michaelvessereau.com\/?page_id=156\" class=\"more-link\">Continuer la lecture<span class=\"screen-reader-text\"> de &laquo;&nbsp;Accompagnements artistiques&nbsp;&raquo;<\/span><\/a><\/p>\n","protected":false},"author":1,"featured_media":0,"parent":0,"menu_order":0,"comment_status":"closed","ping_status":"closed","template":"","meta":{"footnotes":""},"class_list":["post-156","page","type-page","status-publish","hentry"],"yoast_head":"<!-- This site is optimized with the Yoast SEO plugin v26.8 - https:\/\/yoast.com\/product\/yoast-seo-wordpress\/ -->\n<title>Accompagnements artistiques - Arts du cirque | Micha\u00ebl Vessereau |<\/title>\n<meta name=\"description\" content=\"Je propose des accompagnements artistiques et un soutien au changement par le biais de la pratique artistique et des Arts du cirque.\" \/>\n<meta name=\"robots\" content=\"index, follow, max-snippet:-1, max-image-preview:large, max-video-preview:-1\" \/>\n<link rel=\"canonical\" href=\"https:\/\/www.michaelvessereau.com\/?page_id=156\" \/>\n<meta property=\"og:locale\" content=\"fr_FR\" \/>\n<meta property=\"og:type\" content=\"article\" \/>\n<meta property=\"og:title\" content=\"Accompagnements artistiques - Arts du cirque | Micha\u00ebl Vessereau |\" \/>\n<meta property=\"og:description\" content=\"Je propose des accompagnements artistiques et un soutien au changement par le biais de la pratique artistique et des Arts du cirque.\" \/>\n<meta property=\"og:url\" content=\"https:\/\/www.michaelvessereau.com\/?page_id=156\" \/>\n<meta property=\"og:site_name\" content=\"Micha\u00ebl Vessereau\" \/>\n<meta property=\"article:publisher\" content=\"https:\/\/www.facebook.com\/profile.php?id=100085022991971\" \/>\n<meta property=\"article:modified_time\" content=\"2024-10-03T11:13:34+00:00\" \/>\n<meta name=\"twitter:card\" content=\"summary_large_image\" \/>\n<meta name=\"twitter:label1\" content=\"Dur\u00e9e de lecture estim\u00e9e\" \/>\n\t<meta name=\"twitter:data1\" content=\"2 minutes\" \/>\n<script type=\"application\/ld+json\" class=\"yoast-schema-graph\">{\"@context\":\"https:\/\/schema.org\",\"@graph\":[{\"@type\":\"WebPage\",\"@id\":\"https:\/\/www.michaelvessereau.com\/?page_id=156\",\"url\":\"https:\/\/www.michaelvessereau.com\/?page_id=156\",\"name\":\"Accompagnements artistiques - Arts du cirque | Micha\u00ebl Vessereau |\",\"isPartOf\":{\"@id\":\"https:\/\/www.michaelvessereau.com\/#website\"},\"datePublished\":\"2019-06-11T10:22:57+00:00\",\"dateModified\":\"2024-10-03T11:13:34+00:00\",\"description\":\"Je propose des accompagnements artistiques et un soutien au changement par le biais de la pratique artistique et des Arts du cirque.\",\"breadcrumb\":{\"@id\":\"https:\/\/www.michaelvessereau.com\/?page_id=156#breadcrumb\"},\"inLanguage\":\"fr-FR\",\"potentialAction\":[{\"@type\":\"ReadAction\",\"target\":[\"https:\/\/www.michaelvessereau.com\/?page_id=156\"]}]},{\"@type\":\"BreadcrumbList\",\"@id\":\"https:\/\/www.michaelvessereau.com\/?page_id=156#breadcrumb\",\"itemListElement\":[{\"@type\":\"ListItem\",\"position\":1,\"name\":\"Accueil\",\"item\":\"https:\/\/www.michaelvessereau.com\/\"},{\"@type\":\"ListItem\",\"position\":2,\"name\":\"Accompagnements artistiques\"}]},{\"@type\":\"WebSite\",\"@id\":\"https:\/\/www.michaelvessereau.com\/#website\",\"url\":\"https:\/\/www.michaelvessereau.com\/\",\"name\":\"Micha\u00ebl Vessereau\",\"description\":\"Magie Rapproch\u00e9e\",\"publisher\":{\"@id\":\"https:\/\/www.michaelvessereau.com\/#\/schema\/person\/c45276981c07f3fbd57b22d8ab7b67c0\"},\"potentialAction\":[{\"@type\":\"SearchAction\",\"target\":{\"@type\":\"EntryPoint\",\"urlTemplate\":\"https:\/\/www.michaelvessereau.com\/?s={search_term_string}\"},\"query-input\":{\"@type\":\"PropertyValueSpecification\",\"valueRequired\":true,\"valueName\":\"search_term_string\"}}],\"inLanguage\":\"fr-FR\"},{\"@type\":[\"Person\",\"Organization\"],\"@id\":\"https:\/\/www.michaelvessereau.com\/#\/schema\/person\/c45276981c07f3fbd57b22d8ab7b67c0\",\"name\":\"Micha\u00ebl Vessereau\",\"image\":{\"@type\":\"ImageObject\",\"inLanguage\":\"fr-FR\",\"@id\":\"https:\/\/www.michaelvessereau.com\/#\/schema\/person\/image\/\",\"url\":\"http:\/\/www.michaelvessereau.com\/wp-content\/uploads\/2020\/07\/entete-3-mika-1200x2000-online.jpg\",\"contentUrl\":\"http:\/\/www.michaelvessereau.com\/wp-content\/uploads\/2020\/07\/entete-3-mika-1200x2000-online.jpg\",\"width\":2000,\"height\":1200,\"caption\":\"Micha\u00ebl Vessereau\"},\"logo\":{\"@id\":\"https:\/\/www.michaelvessereau.com\/#\/schema\/person\/image\/\"},\"description\":\"Artiste de cirque, metteur en sc\u00e8ne, magicien. J'exerce en tant que Coach professionnel certifi\u00e9 ACTP \/ RNCP 6. J'exerce principalement en r\u00e9gion Sud - PACA et bouches du Rh\u00f4ne (13). Je porte une attention particuli\u00e8re au langage corporel et aux \u00e9motions. J'interviens \u00e9galement dans le cadre de structuration d'\u00e9quipes, de team building.\",\"sameAs\":[\"http:\/\/michaelvessereau.com\",\"https:\/\/www.facebook.com\/profile.php?id=100085022991971\",\"https:\/\/www.linkedin.com\/in\/michalvessereau\/\"]}]}<\/script>\n<!-- \/ Yoast SEO plugin. -->","yoast_head_json":{"title":"Accompagnements artistiques - Arts du cirque | Micha\u00ebl Vessereau |","description":"Je propose des accompagnements artistiques et un soutien au changement par le biais de la pratique artistique et des Arts du cirque.","robots":{"index":"index","follow":"follow","max-snippet":"max-snippet:-1","max-image-preview":"max-image-preview:large","max-video-preview":"max-video-preview:-1"},"canonical":"https:\/\/www.michaelvessereau.com\/?page_id=156","og_locale":"fr_FR","og_type":"article","og_title":"Accompagnements artistiques - Arts du cirque | Micha\u00ebl Vessereau |","og_description":"Je propose des accompagnements artistiques et un soutien au changement par le biais de la pratique artistique et des Arts du cirque.","og_url":"https:\/\/www.michaelvessereau.com\/?page_id=156","og_site_name":"Micha\u00ebl Vessereau","article_publisher":"https:\/\/www.facebook.com\/profile.php?id=100085022991971","article_modified_time":"2024-10-03T11:13:34+00:00","twitter_card":"summary_large_image","twitter_misc":{"Dur\u00e9e de lecture estim\u00e9e":"2 minutes"},"schema":{"@context":"https:\/\/schema.org","@graph":[{"@type":"WebPage","@id":"https:\/\/www.michaelvessereau.com\/?page_id=156","url":"https:\/\/www.michaelvessereau.com\/?page_id=156","name":"Accompagnements artistiques - Arts du cirque | Micha\u00ebl Vessereau |","isPartOf":{"@id":"https:\/\/www.michaelvessereau.com\/#website"},"datePublished":"2019-06-11T10:22:57+00:00","dateModified":"2024-10-03T11:13:34+00:00","description":"Je propose des accompagnements artistiques et un soutien au changement par le biais de la pratique artistique et des Arts du cirque.","breadcrumb":{"@id":"https:\/\/www.michaelvessereau.com\/?page_id=156#breadcrumb"},"inLanguage":"fr-FR","potentialAction":[{"@type":"ReadAction","target":["https:\/\/www.michaelvessereau.com\/?page_id=156"]}]},{"@type":"BreadcrumbList","@id":"https:\/\/www.michaelvessereau.com\/?page_id=156#breadcrumb","itemListElement":[{"@type":"ListItem","position":1,"name":"Accueil","item":"https:\/\/www.michaelvessereau.com\/"},{"@type":"ListItem","position":2,"name":"Accompagnements artistiques"}]},{"@type":"WebSite","@id":"https:\/\/www.michaelvessereau.com\/#website","url":"https:\/\/www.michaelvessereau.com\/","name":"Micha\u00ebl Vessereau","description":"Magie Rapproch\u00e9e","publisher":{"@id":"https:\/\/www.michaelvessereau.com\/#\/schema\/person\/c45276981c07f3fbd57b22d8ab7b67c0"},"potentialAction":[{"@type":"SearchAction","target":{"@type":"EntryPoint","urlTemplate":"https:\/\/www.michaelvessereau.com\/?s={search_term_string}"},"query-input":{"@type":"PropertyValueSpecification","valueRequired":true,"valueName":"search_term_string"}}],"inLanguage":"fr-FR"},{"@type":["Person","Organization"],"@id":"https:\/\/www.michaelvessereau.com\/#\/schema\/person\/c45276981c07f3fbd57b22d8ab7b67c0","name":"Micha\u00ebl Vessereau","image":{"@type":"ImageObject","inLanguage":"fr-FR","@id":"https:\/\/www.michaelvessereau.com\/#\/schema\/person\/image\/","url":"http:\/\/www.michaelvessereau.com\/wp-content\/uploads\/2020\/07\/entete-3-mika-1200x2000-online.jpg","contentUrl":"http:\/\/www.michaelvessereau.com\/wp-content\/uploads\/2020\/07\/entete-3-mika-1200x2000-online.jpg","width":2000,"height":1200,"caption":"Micha\u00ebl Vessereau"},"logo":{"@id":"https:\/\/www.michaelvessereau.com\/#\/schema\/person\/image\/"},"description":"Artiste de cirque, metteur en sc\u00e8ne, magicien. J'exerce en tant que Coach professionnel certifi\u00e9 ACTP \/ RNCP 6. J'exerce principalement en r\u00e9gion Sud - PACA et bouches du Rh\u00f4ne (13). Je porte une attention particuli\u00e8re au langage corporel et aux \u00e9motions. J'interviens \u00e9galement dans le cadre de structuration d'\u00e9quipes, de team building.","sameAs":["http:\/\/michaelvessereau.com","https:\/\/www.facebook.com\/profile.php?id=100085022991971","https:\/\/www.linkedin.com\/in\/michalvessereau\/"]}]}},"_links":{"self":[{"href":"https:\/\/www.michaelvessereau.com\/index.php?rest_route=\/wp\/v2\/pages\/156","targetHints":{"allow":["GET"]}}],"collection":[{"href":"https:\/\/www.michaelvessereau.com\/index.php?rest_route=\/wp\/v2\/pages"}],"about":[{"href":"https:\/\/www.michaelvessereau.com\/index.php?rest_route=\/wp\/v2\/types\/page"}],"author":[{"embeddable":true,"href":"https:\/\/www.michaelvessereau.com\/index.php?rest_route=\/wp\/v2\/users\/1"}],"replies":[{"embeddable":true,"href":"https:\/\/www.michaelvessereau.com\/index.php?rest_route=%2Fwp%2Fv2%2Fcomments&post=156"}],"version-history":[{"count":28,"href":"https:\/\/www.michaelvessereau.com\/index.php?rest_route=\/wp\/v2\/pages\/156\/revisions"}],"predecessor-version":[{"id":851,"href":"https:\/\/www.michaelvessereau.com\/index.php?rest_route=\/wp\/v2\/pages\/156\/revisions\/851"}],"wp:attachment":[{"href":"https:\/\/www.michaelvessereau.com\/index.php?rest_route=%2Fwp%2Fv2%2Fmedia&parent=156"}],"curies":[{"name":"wp","href":"https:\/\/api.w.org\/{rel}","templated":true}]}}