{"id":15,"date":"2019-04-05T18:40:09","date_gmt":"2019-04-05T16:40:09","guid":{"rendered":"http:\/\/www.michaelvessereau.com\/?page_id=15"},"modified":"2024-10-03T13:14:59","modified_gmt":"2024-10-03T11:14:59","slug":"team-building","status":"publish","type":"page","link":"https:\/\/www.michaelvessereau.com\/?page_id=15","title":{"rendered":"Team Building"},"content":{"rendered":"<div class=\"wp-block-image is-style-rounded\">\n<figure class=\"alignleft is-resized\"><img loading=\"lazy\" decoding=\"async\" width=\"900\" height=\"600\" src=\"http:\/\/www.michaelvessereau.com\/wp-content\/uploads\/2019\/04\/Interventions-p\u00e9dagogiques-5.jpg\" alt=\"Team building et co-construction\" class=\"wp-image-81\" style=\"width:278px;height:185px\" srcset=\"https:\/\/www.michaelvessereau.com\/wp-content\/uploads\/2019\/04\/Interventions-p\u00e9dagogiques-5.jpg 900w, https:\/\/www.michaelvessereau.com\/wp-content\/uploads\/2019\/04\/Interventions-p\u00e9dagogiques-5-300x200.jpg 300w, https:\/\/www.michaelvessereau.com\/wp-content\/uploads\/2019\/04\/Interventions-p\u00e9dagogiques-5-768x512.jpg 768w\" sizes=\"auto, (max-width: 767px) 89vw, (max-width: 1000px) 54vw, (max-width: 1071px) 543px, 580px\" \/><\/figure>\n<\/div>\n\n\n<p class=\"has-drop-cap\" style=\"font-size:15px\">Je propose des Team Building bas\u00e9es sur les apports p\u00e9dagogiques des arts de la sc\u00e8ne et du spectacle vivant.<\/p>\n\n\n\n<p style=\"font-size:15px\">Ces <mark style=\"background-color:rgba(0, 0, 0, 0)\" class=\"has-inline-color has-vivid-red-color\"><strong>activit\u00e9s de coh\u00e9sion<mark class=\"annotation-text annotation-text-yoast\" id=\"annotation-text-b32fb849-ef5c-4bdf-a5e6-11030d8a3f52\"><\/mark> se construisent en fonctions des besoins sp\u00e9cifiques des \u00e9quipes<\/strong><\/mark>. Je r\u00e9unis des intervenants issus de <a href=\"http:\/\/www.michaelvessereau.com\/?page_id=12\" target=\"_blank\" rel=\"noreferrer noopener\">diff\u00e9rents milieux<\/a> (RH, artistes, coachs professionnels).<\/p>\n\n\n\n<h2 class=\"wp-block-heading\"><strong><mark style=\"background-color:rgba(0, 0, 0, 0)\" class=\"has-inline-color has-vivid-red-color\"> Les \u00abclefs en mains \u00bb <\/mark><\/strong><\/h2>\n\n\n\n<p style=\"font-size:15px\"><strong> <\/strong>Le contenu de ces propositions (objectifs, Team Learning et d\u00e9roul\u00e9) est d\u00e9j\u00e0 con\u00e7u. Certains Team Building utilisent les \u00ab\u00a0Arts  du cirque\u00a0\u00bb. D\u2019autres se dessinent autour de la danse et du mouvement. D\u2019autres encore autour du th\u00e9\u00e2tre, de la magie et de la marionnette.<\/p>\n\n\n\n<h2 class=\"wp-block-heading\"><strong> <mark style=\"background-color:rgba(0, 0, 0, 0)\" class=\"has-inline-color has-vivid-red-color\">\u00ab A composer soi-m\u00eame \u00bb<\/mark> <\/strong><\/h2>\n\n\n\n<p style=\"font-size:15px\"><strong>Nous d\u00e9finissons vos besoins lors d\u2019un entretien pr\u00e9alable<\/strong>. Nous composerons ensemble le Team Learning en \u00ab piochant \u00bb dans la p\u00e9dagogie des arts du cirque (ex : prise de risque, confiance en  l\u2019autre, mutualisation des comp\u00e9tences), de la danse et du mouvement (ex  : prise de conscience de ses propres qualit\u00e9s et estime de soi,  efficience du travail de groupe) ou du th\u00e9\u00e2tre (ex : prise de parole,  travail de la voix et du corps dans l\u2019espace) .<\/p>\n","protected":false},"excerpt":{"rendered":"<p>Je propose des Team Building bas\u00e9es sur les apports p\u00e9dagogiques des arts de la sc\u00e8ne et du spectacle vivant. Ces activit\u00e9s de coh\u00e9sion se construisent en fonctions des besoins sp\u00e9cifiques des \u00e9quipes. Je r\u00e9unis des intervenants issus de diff\u00e9rents milieux (RH, artistes, coachs professionnels). Les \u00abclefs en mains \u00bb Le contenu de ces propositions (objectifs, &hellip; <\/p>\n<p class=\"link-more\"><a href=\"https:\/\/www.michaelvessereau.com\/?page_id=15\" class=\"more-link\">Continuer la lecture<span class=\"screen-reader-text\"> de &laquo;&nbsp;Team Building&nbsp;&raquo;<\/span><\/a><\/p>\n","protected":false},"author":1,"featured_media":0,"parent":0,"menu_order":4,"comment_status":"closed","ping_status":"closed","template":"","meta":{"footnotes":""},"class_list":["post-15","page","type-page","status-publish","hentry"],"yoast_head":"<!-- This site is optimized with the Yoast SEO plugin v26.8 - https:\/\/yoast.com\/product\/yoast-seo-wordpress\/ -->\n<title>Team Building | Micha\u00ebl Vessereau | nouvelles opportunit\u00e9s<\/title>\n<meta name=\"description\" content=\"Des Team Building adapt\u00e9s \u00e0 vos besoins en Ressources Humaines et utilisant les Arts du cirque, la magie et l&#039;art th\u00e9\u00e2tral.\" \/>\n<meta name=\"robots\" content=\"index, follow, max-snippet:-1, max-image-preview:large, max-video-preview:-1\" \/>\n<link rel=\"canonical\" href=\"https:\/\/www.michaelvessereau.com\/?page_id=15\" \/>\n<meta property=\"og:locale\" content=\"fr_FR\" \/>\n<meta property=\"og:type\" content=\"article\" \/>\n<meta property=\"og:title\" content=\"Team Building | Micha\u00ebl Vessereau | nouvelles opportunit\u00e9s\" \/>\n<meta property=\"og:description\" content=\"Des Team Building adapt\u00e9s \u00e0 vos besoins en Ressources Humaines et utilisant les Arts du cirque, la magie et l&#039;art th\u00e9\u00e2tral.\" \/>\n<meta property=\"og:url\" content=\"https:\/\/www.michaelvessereau.com\/?page_id=15\" \/>\n<meta property=\"og:site_name\" content=\"Micha\u00ebl Vessereau\" \/>\n<meta property=\"article:publisher\" content=\"https:\/\/www.facebook.com\/profile.php?id=100085022991971\" \/>\n<meta property=\"article:modified_time\" content=\"2024-10-03T11:14:59+00:00\" \/>\n<meta name=\"twitter:card\" content=\"summary_large_image\" \/>\n<meta name=\"twitter:label1\" content=\"Dur\u00e9e de lecture estim\u00e9e\" \/>\n\t<meta name=\"twitter:data1\" content=\"2 minutes\" \/>\n<script type=\"application\/ld+json\" class=\"yoast-schema-graph\">{\"@context\":\"https:\/\/schema.org\",\"@graph\":[{\"@type\":\"WebPage\",\"@id\":\"https:\/\/www.michaelvessereau.com\/?page_id=15\",\"url\":\"https:\/\/www.michaelvessereau.com\/?page_id=15\",\"name\":\"Team Building | Micha\u00ebl Vessereau | nouvelles opportunit\u00e9s\",\"isPartOf\":{\"@id\":\"https:\/\/www.michaelvessereau.com\/#website\"},\"datePublished\":\"2019-04-05T16:40:09+00:00\",\"dateModified\":\"2024-10-03T11:14:59+00:00\",\"description\":\"Des Team Building adapt\u00e9s \u00e0 vos besoins en Ressources Humaines et utilisant les Arts du cirque, la magie et l'art th\u00e9\u00e2tral.\",\"breadcrumb\":{\"@id\":\"https:\/\/www.michaelvessereau.com\/?page_id=15#breadcrumb\"},\"inLanguage\":\"fr-FR\",\"potentialAction\":[{\"@type\":\"ReadAction\",\"target\":[\"https:\/\/www.michaelvessereau.com\/?page_id=15\"]}]},{\"@type\":\"BreadcrumbList\",\"@id\":\"https:\/\/www.michaelvessereau.com\/?page_id=15#breadcrumb\",\"itemListElement\":[{\"@type\":\"ListItem\",\"position\":1,\"name\":\"Accueil\",\"item\":\"https:\/\/www.michaelvessereau.com\/\"},{\"@type\":\"ListItem\",\"position\":2,\"name\":\"Team Building\"}]},{\"@type\":\"WebSite\",\"@id\":\"https:\/\/www.michaelvessereau.com\/#website\",\"url\":\"https:\/\/www.michaelvessereau.com\/\",\"name\":\"Micha\u00ebl Vessereau\",\"description\":\"Magie Rapproch\u00e9e\",\"publisher\":{\"@id\":\"https:\/\/www.michaelvessereau.com\/#\/schema\/person\/c45276981c07f3fbd57b22d8ab7b67c0\"},\"potentialAction\":[{\"@type\":\"SearchAction\",\"target\":{\"@type\":\"EntryPoint\",\"urlTemplate\":\"https:\/\/www.michaelvessereau.com\/?s={search_term_string}\"},\"query-input\":{\"@type\":\"PropertyValueSpecification\",\"valueRequired\":true,\"valueName\":\"search_term_string\"}}],\"inLanguage\":\"fr-FR\"},{\"@type\":[\"Person\",\"Organization\"],\"@id\":\"https:\/\/www.michaelvessereau.com\/#\/schema\/person\/c45276981c07f3fbd57b22d8ab7b67c0\",\"name\":\"Micha\u00ebl Vessereau\",\"image\":{\"@type\":\"ImageObject\",\"inLanguage\":\"fr-FR\",\"@id\":\"https:\/\/www.michaelvessereau.com\/#\/schema\/person\/image\/\",\"url\":\"http:\/\/www.michaelvessereau.com\/wp-content\/uploads\/2020\/07\/entete-3-mika-1200x2000-online.jpg\",\"contentUrl\":\"http:\/\/www.michaelvessereau.com\/wp-content\/uploads\/2020\/07\/entete-3-mika-1200x2000-online.jpg\",\"width\":2000,\"height\":1200,\"caption\":\"Micha\u00ebl Vessereau\"},\"logo\":{\"@id\":\"https:\/\/www.michaelvessereau.com\/#\/schema\/person\/image\/\"},\"description\":\"Artiste de cirque, metteur en sc\u00e8ne, magicien. J'exerce en tant que Coach professionnel certifi\u00e9 ACTP \/ RNCP 6. J'exerce principalement en r\u00e9gion Sud - PACA et bouches du Rh\u00f4ne (13). Je porte une attention particuli\u00e8re au langage corporel et aux \u00e9motions. J'interviens \u00e9galement dans le cadre de structuration d'\u00e9quipes, de team building.\",\"sameAs\":[\"http:\/\/michaelvessereau.com\",\"https:\/\/www.facebook.com\/profile.php?id=100085022991971\",\"https:\/\/www.linkedin.com\/in\/michalvessereau\/\"]}]}<\/script>\n<!-- \/ Yoast SEO plugin. -->","yoast_head_json":{"title":"Team Building | Micha\u00ebl Vessereau | nouvelles opportunit\u00e9s","description":"Des Team Building adapt\u00e9s \u00e0 vos besoins en Ressources Humaines et utilisant les Arts du cirque, la magie et l'art th\u00e9\u00e2tral.","robots":{"index":"index","follow":"follow","max-snippet":"max-snippet:-1","max-image-preview":"max-image-preview:large","max-video-preview":"max-video-preview:-1"},"canonical":"https:\/\/www.michaelvessereau.com\/?page_id=15","og_locale":"fr_FR","og_type":"article","og_title":"Team Building | Micha\u00ebl Vessereau | nouvelles opportunit\u00e9s","og_description":"Des Team Building adapt\u00e9s \u00e0 vos besoins en Ressources Humaines et utilisant les Arts du cirque, la magie et l'art th\u00e9\u00e2tral.","og_url":"https:\/\/www.michaelvessereau.com\/?page_id=15","og_site_name":"Micha\u00ebl Vessereau","article_publisher":"https:\/\/www.facebook.com\/profile.php?id=100085022991971","article_modified_time":"2024-10-03T11:14:59+00:00","twitter_card":"summary_large_image","twitter_misc":{"Dur\u00e9e de lecture estim\u00e9e":"2 minutes"},"schema":{"@context":"https:\/\/schema.org","@graph":[{"@type":"WebPage","@id":"https:\/\/www.michaelvessereau.com\/?page_id=15","url":"https:\/\/www.michaelvessereau.com\/?page_id=15","name":"Team Building | Micha\u00ebl Vessereau | nouvelles opportunit\u00e9s","isPartOf":{"@id":"https:\/\/www.michaelvessereau.com\/#website"},"datePublished":"2019-04-05T16:40:09+00:00","dateModified":"2024-10-03T11:14:59+00:00","description":"Des Team Building adapt\u00e9s \u00e0 vos besoins en Ressources Humaines et utilisant les Arts du cirque, la magie et l'art th\u00e9\u00e2tral.","breadcrumb":{"@id":"https:\/\/www.michaelvessereau.com\/?page_id=15#breadcrumb"},"inLanguage":"fr-FR","potentialAction":[{"@type":"ReadAction","target":["https:\/\/www.michaelvessereau.com\/?page_id=15"]}]},{"@type":"BreadcrumbList","@id":"https:\/\/www.michaelvessereau.com\/?page_id=15#breadcrumb","itemListElement":[{"@type":"ListItem","position":1,"name":"Accueil","item":"https:\/\/www.michaelvessereau.com\/"},{"@type":"ListItem","position":2,"name":"Team Building"}]},{"@type":"WebSite","@id":"https:\/\/www.michaelvessereau.com\/#website","url":"https:\/\/www.michaelvessereau.com\/","name":"Micha\u00ebl Vessereau","description":"Magie Rapproch\u00e9e","publisher":{"@id":"https:\/\/www.michaelvessereau.com\/#\/schema\/person\/c45276981c07f3fbd57b22d8ab7b67c0"},"potentialAction":[{"@type":"SearchAction","target":{"@type":"EntryPoint","urlTemplate":"https:\/\/www.michaelvessereau.com\/?s={search_term_string}"},"query-input":{"@type":"PropertyValueSpecification","valueRequired":true,"valueName":"search_term_string"}}],"inLanguage":"fr-FR"},{"@type":["Person","Organization"],"@id":"https:\/\/www.michaelvessereau.com\/#\/schema\/person\/c45276981c07f3fbd57b22d8ab7b67c0","name":"Micha\u00ebl Vessereau","image":{"@type":"ImageObject","inLanguage":"fr-FR","@id":"https:\/\/www.michaelvessereau.com\/#\/schema\/person\/image\/","url":"http:\/\/www.michaelvessereau.com\/wp-content\/uploads\/2020\/07\/entete-3-mika-1200x2000-online.jpg","contentUrl":"http:\/\/www.michaelvessereau.com\/wp-content\/uploads\/2020\/07\/entete-3-mika-1200x2000-online.jpg","width":2000,"height":1200,"caption":"Micha\u00ebl Vessereau"},"logo":{"@id":"https:\/\/www.michaelvessereau.com\/#\/schema\/person\/image\/"},"description":"Artiste de cirque, metteur en sc\u00e8ne, magicien. J'exerce en tant que Coach professionnel certifi\u00e9 ACTP \/ RNCP 6. J'exerce principalement en r\u00e9gion Sud - PACA et bouches du Rh\u00f4ne (13). Je porte une attention particuli\u00e8re au langage corporel et aux \u00e9motions. J'interviens \u00e9galement dans le cadre de structuration d'\u00e9quipes, de team building.","sameAs":["http:\/\/michaelvessereau.com","https:\/\/www.facebook.com\/profile.php?id=100085022991971","https:\/\/www.linkedin.com\/in\/michalvessereau\/"]}]}},"_links":{"self":[{"href":"https:\/\/www.michaelvessereau.com\/index.php?rest_route=\/wp\/v2\/pages\/15","targetHints":{"allow":["GET"]}}],"collection":[{"href":"https:\/\/www.michaelvessereau.com\/index.php?rest_route=\/wp\/v2\/pages"}],"about":[{"href":"https:\/\/www.michaelvessereau.com\/index.php?rest_route=\/wp\/v2\/types\/page"}],"author":[{"embeddable":true,"href":"https:\/\/www.michaelvessereau.com\/index.php?rest_route=\/wp\/v2\/users\/1"}],"replies":[{"embeddable":true,"href":"https:\/\/www.michaelvessereau.com\/index.php?rest_route=%2Fwp%2Fv2%2Fcomments&post=15"}],"version-history":[{"count":26,"href":"https:\/\/www.michaelvessereau.com\/index.php?rest_route=\/wp\/v2\/pages\/15\/revisions"}],"predecessor-version":[{"id":853,"href":"https:\/\/www.michaelvessereau.com\/index.php?rest_route=\/wp\/v2\/pages\/15\/revisions\/853"}],"wp:attachment":[{"href":"https:\/\/www.michaelvessereau.com\/index.php?rest_route=%2Fwp%2Fv2%2Fmedia&parent=15"}],"curies":[{"name":"wp","href":"https:\/\/api.w.org\/{rel}","templated":true}]}}